{"id":104,"date":"2014-04-10T17:34:37","date_gmt":"2014-04-10T15:34:37","guid":{"rendered":"http:\/\/www.eckstein-sommer.de\/?page_id=104"},"modified":"2018-04-16T09:51:28","modified_gmt":"2018-04-16T07:51:28","slug":"104-2","status":"publish","type":"page","link":"http:\/\/www.eckstein-sommer.de\/?page_id=104","title":{"rendered":"Garten- und Landschaftsbau"},"content":{"rendered":"<h4><span class=\"Apple-style-span\" style=\"color: #007c08; font-size: 1.5em;\"><strong>\u201eDas Leben beginnt mit dem Tag,<br \/>\nan dem man einen Garten anlegt.\u201c<\/strong><br \/>\n<\/span><span style=\"color: #333300; font-size: 0.6em;\"><em>Chinesisches Sprichwort<\/em><\/span><\/h4>\n<p>Oasen zum Wohlf\u00fchlen, an die ganz unterschiedliche Anforderungen gestellt werden und die daher ganz unterschiedlich gestaltet sind. Seien es notwendige Wegeverbindungen, eine gro\u00dfe Terrasse f\u00fcr das n\u00e4chste Gartenfest, der Gartenteich als Ruhepol und Blickfang, die Rasenfl\u00e4che zum Toben, das \u00fcppige Staudenbeet oder die Kr\u00e4uter f\u00fcr die K\u00fcche \u2013 Ihre individuellen Vorstellungen m\u00f6chten wir umsetzen. Ob formaler Villengarten oder vertr\u00e4umter Innenhof \u2013 jeder Raum tr\u00e4gt seinen eigenen Charakter, den es aufzugreifen und mit Ihnen zu entwickeln gilt.<\/p>\n<p>Unser Ziel ist es daher, Ihre Wohlf\u00fchloase nach Ihren W\u00fcnschen und M\u00f6glichkeiten zu gestalten.<\/p>\n<p>Um dies zu realisieren, bieten wir Ihnen:<\/p>\n<ul>\n<li>Gartengestaltung<\/li>\n<li>Erdarbeiten (Aushub und Gel\u00e4ndemodellierung)<\/li>\n<li>Wegebauarbeiten<\/li>\n<li>Bau von Treppen, Mauern und Einfassungen<\/li>\n<li>Einsatz von Wasser im Garten<br \/>\n(vom Wasserspiel bis zum Gartenteich)<\/li>\n<\/ul>\n<ul>\n<li>Anlegen von Rasen- und Pflanzfl\u00e4chen<\/li>\n<li>Bew\u00e4sserungsanlagen<\/li>\n<li>Beleuchtung im Garten<\/li>\n<\/ul>\n<ul>\n<li>Pflegearbeiten<\/li>\n<\/ul>\n<p>Dar\u00fcber hinaus f\u00fchren wir aus:<\/p>\n<ul>\n<li>Spielplatzbau<\/li>\n<li>Zaunbau<\/li>\n<li>Errichten von Pergolen, Rankger\u00fcsten, Sichtschutz etc.<\/li>\n<\/ul>\n<ul>\n<li>Begr\u00fcnungsarbeiten in der freien Landschaft<\/li>\n<li>Fassadenbegr\u00fcnung<\/li>\n<li>Dachbegr\u00fcnung<\/li>\n<\/ul>\n<ul>\n<li>Innenraumbegr\u00fcnung<\/li>\n<li>Grabgestaltung<\/li>\n<\/ul>\n<p>Wir sind ein anerkannter Ausbildungsbetrieb und Mitglied im Verband Garten-, Landschafts- und Sportplatzbau e.V.<\/p>\n","protected":false},"excerpt":{"rendered":"<p>\u201eDas Leben beginnt mit dem Tag, an dem man einen Garten anlegt.\u201c Chinesisches Sprichwort Oasen zum Wohlf\u00fchlen, an die ganz unterschiedliche Anforderungen gestellt werden und die daher ganz unterschiedlich gestaltet sind. Seien es notwendige Wegeverbindungen, eine gro\u00dfe Terrasse f\u00fcr das n\u00e4chste Gartenfest, der Gartenteich als Ruhepol und Blickfang, die Rasenfl\u00e4che zum Toben, das \u00fcppige Staudenbeet [&hellip;]<\/p>\n","protected":false},"author":1,"featured_media":0,"parent":0,"menu_order":3,"comment_status":"closed","ping_status":"open","template":"","meta":[],"_links":{"self":[{"href":"http:\/\/www.eckstein-sommer.de\/index.php?rest_route=\/wp\/v2\/pages\/104"}],"collection":[{"href":"http:\/\/www.eckstein-sommer.de\/index.php?rest_route=\/wp\/v2\/pages"}],"about":[{"href":"http:\/\/www.eckstein-sommer.de\/index.php?rest_route=\/wp\/v2\/types\/page"}],"author":[{"embeddable":true,"href":"http:\/\/www.eckstein-sommer.de\/index.php?rest_route=\/wp\/v2\/users\/1"}],"replies":[{"embeddable":true,"href":"http:\/\/www.eckstein-sommer.de\/index.php?rest_route=%2Fwp%2Fv2%2Fcomments&post=104"}],"version-history":[{"count":6,"href":"http:\/\/www.eckstein-sommer.de\/index.php?rest_route=\/wp\/v2\/pages\/104\/revisions"}],"predecessor-version":[{"id":900,"href":"http:\/\/www.eckstein-sommer.de\/index.php?rest_route=\/wp\/v2\/pages\/104\/revisions\/900"}],"wp:attachment":[{"href":"http:\/\/www.eckstein-sommer.de\/index.php?rest_route=%2Fwp%2Fv2%2Fmedia&parent=104"}],"curies":[{"name":"wp","href":"https:\/\/api.w.org\/{rel}","templated":true}]}}