{"id":159,"date":"2014-04-11T08:06:11","date_gmt":"2014-04-11T06:06:11","guid":{"rendered":"http:\/\/www.eckstein-sommer.de\/?page_id=159"},"modified":"2016-09-15T12:13:25","modified_gmt":"2016-09-15T10:13:25","slug":"baum-pfelge","status":"publish","type":"page","link":"http:\/\/www.eckstein-sommer.de\/?page_id=159","title":{"rendered":"Baum-Pflege"},"content":{"rendered":"<h4><span class=\"Apple-style-span\" style=\"color: #007c08; font-size: 1.5em;\"><strong>\u201eB\u00e4ume sind Gedichte, die die Erde in den Himmel schreibt.\u201c<\/strong><\/span><span style=\"color: #333300; font-size: 0.6em;\"><em>Mahatma Gandhi<\/em><\/span><\/h4>\n<p>Besonders alte B\u00e4ume faszinieren uns und sind Symbol f\u00fcr Best\u00e4ndigkeit und St\u00e4rke. Damit sie gesund alt werden k\u00f6nnen, bed\u00fcrfen sie einer besonderen Kontrolle und Pflege \u2013 schon als Jungbaum.<\/p>\n<p>Da die notwendigen Arbeiten an B\u00e4umen ein spezielles Fachwissen erfordern und ein erh\u00f6htes Gefahrenpotential darstellen, f\u00fchren unsere Spezialisten diese Arbeiten gern f\u00fcr Sie aus. Auch eine erforderliche Baumf\u00e4llung und das Entfernen der Wurzelstubben \u00fcbernehmen wir.<\/p>\n<p>Dar\u00fcber hinaus \u00fcbernehmen wir gern weitere Pflegearbeiten auf Ihrem Grundst\u00fcck.<\/p>\n<h4><span class=\"Apple-style-span\" style=\"color: #007c08; font-size: 1.5em;\"><strong>\u201eNichts gedeiht ohne Pflege; und die vortrefflichsten Dinge verlieren durch unzweckm\u00e4\u00dfige Behandlung ihren Wert.\u201c<\/strong><\/span><span style=\"color: #333300; font-size: 0.6em;\"><em>Peter Josef Lenn\u00e9<\/em><\/span><\/h4>\n<p>&nbsp;<\/p>\n","protected":false},"excerpt":{"rendered":"<p>\u201eB\u00e4ume sind Gedichte, die die Erde in den Himmel schreibt.\u201cMahatma Gandhi Besonders alte B\u00e4ume faszinieren uns und sind Symbol f\u00fcr Best\u00e4ndigkeit und St\u00e4rke. Damit sie gesund alt werden k\u00f6nnen, bed\u00fcrfen sie einer besonderen Kontrolle und Pflege \u2013 schon als Jungbaum. Da die notwendigen Arbeiten an B\u00e4umen ein spezielles Fachwissen erfordern und ein erh\u00f6htes Gefahrenpotential darstellen, [&hellip;]<\/p>\n","protected":false},"author":1,"featured_media":0,"parent":0,"menu_order":4,"comment_status":"closed","ping_status":"closed","template":"","meta":[],"_links":{"self":[{"href":"http:\/\/www.eckstein-sommer.de\/index.php?rest_route=\/wp\/v2\/pages\/159"}],"collection":[{"href":"http:\/\/www.eckstein-sommer.de\/index.php?rest_route=\/wp\/v2\/pages"}],"about":[{"href":"http:\/\/www.eckstein-sommer.de\/index.php?rest_route=\/wp\/v2\/types\/page"}],"author":[{"embeddable":true,"href":"http:\/\/www.eckstein-sommer.de\/index.php?rest_route=\/wp\/v2\/users\/1"}],"replies":[{"embeddable":true,"href":"http:\/\/www.eckstein-sommer.de\/index.php?rest_route=%2Fwp%2Fv2%2Fcomments&post=159"}],"version-history":[{"count":12,"href":"http:\/\/www.eckstein-sommer.de\/index.php?rest_route=\/wp\/v2\/pages\/159\/revisions"}],"predecessor-version":[{"id":253,"href":"http:\/\/www.eckstein-sommer.de\/index.php?rest_route=\/wp\/v2\/pages\/159\/revisions\/253"}],"wp:attachment":[{"href":"http:\/\/www.eckstein-sommer.de\/index.php?rest_route=%2Fwp%2Fv2%2Fmedia&parent=159"}],"curies":[{"name":"wp","href":"https:\/\/api.w.org\/{rel}","templated":true}]}}