{"id":181,"date":"2014-04-11T08:17:46","date_gmt":"2014-04-11T06:17:46","guid":{"rendered":"http:\/\/www.eckstein-sommer.de\/?page_id=181"},"modified":"2020-02-25T12:34:16","modified_gmt":"2020-02-25T10:34:16","slug":"floristik","status":"publish","type":"page","link":"http:\/\/www.eckstein-sommer.de\/?page_id=181","title":{"rendered":"Floristik"},"content":{"rendered":"<p>Sie m\u00f6chten mehr Gr\u00fcn in Ihre Wohnung bringen?<br \/>\nSie wollen Zuneigung in besonders sch\u00f6ner Form zeigen?<br \/>\nVielleicht suchen Sie auch noch ein sch\u00f6nes Geschenk?<br \/>\nBei uns sind Sie in jedem Fall genau richtig!<\/p>\n<p><img loading=\"lazy\" class=\" wp-image-1009 alignleft\" src=\"http:\/\/www.eckstein-sommer.de\/wp-content\/uploads\/Teambild-Tanja-Floristik-ab-Nov.-2019-e1572344319579-102x300.jpg\" alt=\"\" width=\"81\" height=\"238\" srcset=\"http:\/\/www.eckstein-sommer.de\/wp-content\/uploads\/Teambild-Tanja-Floristik-ab-Nov.-2019-e1572344319579-102x300.jpg 102w, http:\/\/www.eckstein-sommer.de\/wp-content\/uploads\/Teambild-Tanja-Floristik-ab-Nov.-2019-e1572344319579.jpg 240w\" sizes=\"(max-width: 81px) 100vw, 81px\" \/><\/p>\n<p><img loading=\"lazy\" class=\"alignnone size-medium wp-image-1060\" src=\"http:\/\/www.eckstein-sommer.de\/wp-content\/uploads\/Flyer-komplett1_06022020_133223-300x207.jpg\" alt=\"\" width=\"300\" height=\"207\" srcset=\"http:\/\/www.eckstein-sommer.de\/wp-content\/uploads\/Flyer-komplett1_06022020_133223-300x207.jpg 300w, http:\/\/www.eckstein-sommer.de\/wp-content\/uploads\/Flyer-komplett1_06022020_133223-768x530.jpg 768w, http:\/\/www.eckstein-sommer.de\/wp-content\/uploads\/Flyer-komplett1_06022020_133223-1024x706.jpg 1024w, http:\/\/www.eckstein-sommer.de\/wp-content\/uploads\/Flyer-komplett1_06022020_133223-676x466.jpg 676w\" sizes=\"(max-width: 300px) 100vw, 300px\" \/><\/p>\n<p>&nbsp;<\/p>\n<p>In unserer Blumenwerkstatt im Ortsteil Kleinalsleben entstehen florale Kunstwerke f\u00fcr verschiedenste Anl\u00e4sse. Ob zur Hochzeit, zu Geburtstagen oder zu Trauerfeiern. Gerne auch mit einem Besuch zur Beratung bei Ihnen zu Hause.<\/p>\n<p>Wir statten Ihre Firmen-Events und B\u00fcros mit Blumen aus, bieten einen Lieferdienst und Abholm\u00f6glichkeiten in unserem Hauptb\u00fcro w\u00e4hrend unserer Gesch\u00e4ftszeiten.<\/p>\n<p>Dar\u00fcber hinaus bieten wir alle Fleurop-Leistungen an. Dazu z\u00e4hlen das Versenden von Auftr\u00e4gen weltweit und die Belieferung in unserem Einzugsgebiet.<\/p>\n<p>Auf Wunsch erhalten Sie bei uns Fleurop-Gutscheine.<\/p>\n<p>Da wir ab 1.1.2020 kein Ladengesch\u00e4ft mehr besitzen, bitten wir bei Beratungs- und Auftragsw\u00fcnschen um einen Anruf, eine E-Mail, ein Fax oder gerne auch per Whatsapp.<\/p>\n<p>In jedem Fall helfen wir Ihnen, Ihre blumigen W\u00fcnsche zu erf\u00fcllen.<\/p>\n<p>Auf Ihren Anruf freut sich<\/p>\n<p>unsere erfahrene Floristin \u2013 Tanja Brandt<\/p>\n<p>Auftragsannahme t\u00e4glich w\u00e4hrend unserer B\u00fcrozeiten unter<\/p>\n<ul>\n<li>Tel. (03 94 08) 9 30 00<\/li>\n<li>Mobil (01 70) 3 71 33 35<\/li>\n<\/ul>\n<p>Lieferw\u00fcnsche nach Vereinbarung!<\/p>\n<p>&nbsp;<\/p>\n<p>&nbsp;<\/p>\n<p>Wir bieten folgende Leistungen an:<\/p>\n<ul>\n<li>Besondere Strau\u00dfarrangements<\/li>\n<li>Hochzeitsfloristik<\/li>\n<li>Trauerfloristik<\/li>\n<li>Tischdekorationen<\/li>\n<\/ul>\n<ul>\n<li>Kreative Geschenkverpackungen<\/li>\n<\/ul>\n<ul>\n<li>Dekorationen f\u00fcr jeden Anlass<\/li>\n<li>Florale B\u00fcro-, Praxis- und Firmenbetreuung<\/li>\n<li>Trocken- und Seidenblumengestecke<\/li>\n<\/ul>\n<ul>\n<li>Innenraumbegr\u00fcnung<\/li>\n<li>Hydropflanzenpflege<\/li>\n<li>Grabgestaltung<\/li>\n<li>Balkon-, Terrassen- und K\u00fcbelbepflanzung<\/li>\n<\/ul>\n<p>Bestellung von Baumschulware nach Kundenwunsch<\/p>\n<p>&nbsp;<\/p>\n","protected":false},"excerpt":{"rendered":"<p>Sie m\u00f6chten mehr Gr\u00fcn in Ihre Wohnung bringen? Sie wollen Zuneigung in besonders sch\u00f6ner Form zeigen? Vielleicht suchen Sie auch noch ein sch\u00f6nes Geschenk? Bei uns sind Sie in jedem Fall genau richtig! &nbsp; In unserer Blumenwerkstatt im Ortsteil Kleinalsleben entstehen florale Kunstwerke f\u00fcr verschiedenste Anl\u00e4sse. Ob zur Hochzeit, zu Geburtstagen oder zu Trauerfeiern. Gerne [&hellip;]<\/p>\n","protected":false},"author":1,"featured_media":0,"parent":0,"menu_order":5,"comment_status":"closed","ping_status":"open","template":"","meta":[],"_links":{"self":[{"href":"http:\/\/www.eckstein-sommer.de\/index.php?rest_route=\/wp\/v2\/pages\/181"}],"collection":[{"href":"http:\/\/www.eckstein-sommer.de\/index.php?rest_route=\/wp\/v2\/pages"}],"about":[{"href":"http:\/\/www.eckstein-sommer.de\/index.php?rest_route=\/wp\/v2\/types\/page"}],"author":[{"embeddable":true,"href":"http:\/\/www.eckstein-sommer.de\/index.php?rest_route=\/wp\/v2\/users\/1"}],"replies":[{"embeddable":true,"href":"http:\/\/www.eckstein-sommer.de\/index.php?rest_route=%2Fwp%2Fv2%2Fcomments&post=181"}],"version-history":[{"count":20,"href":"http:\/\/www.eckstein-sommer.de\/index.php?rest_route=\/wp\/v2\/pages\/181\/revisions"}],"predecessor-version":[{"id":1013,"href":"http:\/\/www.eckstein-sommer.de\/index.php?rest_route=\/wp\/v2\/pages\/181\/revisions\/1013"}],"wp:attachment":[{"href":"http:\/\/www.eckstein-sommer.de\/index.php?rest_route=%2Fwp%2Fv2%2Fmedia&parent=181"}],"curies":[{"name":"wp","href":"https:\/\/api.w.org\/{rel}","templated":true}]}}