{"id":222,"date":"2014-04-11T12:53:14","date_gmt":"2014-04-11T10:53:14","guid":{"rendered":"http:\/\/www.eckstein-sommer.de\/?page_id=222"},"modified":"2019-01-14T12:12:02","modified_gmt":"2019-01-14T10:12:02","slug":"referenzliste","status":"publish","type":"page","link":"http:\/\/www.eckstein-sommer.de\/?page_id=222","title":{"rendered":"Referenzliste"},"content":{"rendered":"<p>Einen Einblick in unser Wirkungsfeld gibt Ihnen die folgende \u00dcbersicht:<\/p>\n<p>&nbsp;<\/p>\n<p><strong><em>Au\u00dfenanlagen (Tiefbau, Pflanzungen, Komplettanlagen)<\/em><\/strong><\/p>\n<p>&nbsp;<\/p>\n<ul>\n<li>Pflasterarbeiten Baustofflager TOOM Baumarkt in Oschersleben<\/li>\n<li>Anlage Spielplatz Zuckerbusch in Magdeburg, Landeshauptstadt Magdeburg<\/li>\n<li>Anlage Spielplatz Ziegelberg in Helmstedt, Stadt Helmstedt<\/li>\n<li>Gestaltung der Au\u00dfenanlage in Halberstadt (Privatgarten)<\/li>\n<li>Gestaltung der Au\u00dfenanlage in Beckendorf (Privatgarten)<\/li>\n<li>Gestaltung der Au\u00dfenanlage in Oschersleben (Privatgarten)<\/li>\n<li>Gestaltung der Au\u00dfenanlage Tierarztpraxis in Oschersleben<\/li>\n<li>Gestaltung der Au\u00dfenanlage in Hermsdorf (Privatgarten)<\/li>\n<li>Gestaltung der Au\u00dfenanlage in Wanzleben (Privatgarten)<\/li>\n<li>Gestaltung der Au\u00dfenanlage in Westeregeln (Privatgarten)<\/li>\n<li>Gestaltung der Au\u00dfenanlage in Magdeburg (Privatgarten)<\/li>\n<li>Gestaltung der Au\u00dfenanlage in Seehausen (Privatgarten)<\/li>\n<li>Pflasterarbeiten in Halberstadt (Privatgarten)<\/li>\n<li>Au\u00dfenanlagengestaltung Albert-Einstein-Str. in Oschersleben, WG Neues Leben und Bewos Wohnungsbau- und Verwaltungs GmbH<\/li>\n<li>Gestaltung der Au\u00dfenanlage in Glindenberg (Privatgarten)<\/li>\n<li>Verlegung von Kunstrasen in Rottleberode<\/li>\n<\/ul>\n<p>&nbsp;<\/p>\n<p>&nbsp;<\/p>\n<p><em><strong>Teichbau<\/strong><\/em><\/p>\n<p>&nbsp;<\/p>\n<ul>\n<li>Teichbau Goetheschule in Oschersleben, Stadt Oschersleben<\/li>\n<li>Teichbau in Magdeburg (Privatgarten)<\/li>\n<li>Teichbau in Langenweddingen (Privatgarten)<\/li>\n<li>Sanierung Teichanlage in Sta\u00dffurt (Privatgarten)<\/li>\n<\/ul>\n<p>&nbsp;<\/p>\n<p>&nbsp;<\/p>\n<p><strong><em>Pflegeobjekte<\/em><\/strong><\/p>\n<p>&nbsp;<\/p>\n<ul>\n<li>Pflege der Au\u00dfenanlagen f\u00fcr die WILO Oschersleben<\/li>\n<li>Pflege der Au\u00dfenanlagen f\u00fcr die Wohnungsgenossenschaft \u201eNeues Leben\u201c in Oschersleben<\/li>\n<li>Pflegearbeiten an div. Kl\u00e4rwerken im Landkreis B\u00f6rde f\u00fcr den tav B\u00f6rde<\/li>\n<li>Stra\u00dfenreinigung und Winterdienst verschiedener Objekte der E.ON Avacon AG<\/li>\n<li>Pflege Kleiner Cracauer Anger in Magdeburg, Natur- u. Kulturpark Elbaue GmbH<\/li>\n<li>Pflege Betriebsgel\u00e4nde (2 Objekte) Abfallwirtschaftsbetrieb in Magdeburg, Landeshauptstadt Magdeburg<\/li>\n<\/ul>\n<p>&nbsp;<\/p>\n<p>&nbsp;<\/p>\n<h4><em>Landschaftsbegr\u00fcnung<\/em><\/h4>\n<p>&nbsp;<\/p>\n<ul>\n<li>Pflanzarbeiten an Bundesstra\u00dfen im Landkreis Harz; Landesstra\u00dfenbaubeh\u00f6rde<\/li>\n<li>Pflanzarbeiten OD Seehausen, Stadt Wanzleben<\/li>\n<li>Renaturierung \u201eIm Siek\u201c in Magdeburg, Landeshauptstadt Magdeburg<\/li>\n<li>Pflanzarbeiten G\u00fcbser Weg in Magdeburg, Landeshauptstadt Magdeburg<\/li>\n<li>Pflanzarbeiten BOV B\u00fchne, VTG Sch\u00f6nebeck<\/li>\n<li>Pflanzarbeiten Knoten Albert-Vater-Stra\u00dfe, Landeshauptstadt Magdeburg<\/li>\n<li>Pflanzarbeiten Umspannwerk in F\u00f6rderstedt, 50 Hertz Transmission GmbH Berlin<\/li>\n<li>Pflanzarbeiten Lehmkuhle in Aschersleben, Stadt Aschersleben<\/li>\n<li>Pflanzung Radweg Samswegen, Landkreis B\u00f6rde<\/li>\n<li>Pflanzarbeiten Neuplatendorf, Landkreis Harz<\/li>\n<li>Pflanzarbeiten in Bottmersdorf, Landkreis B\u00f6rde<\/li>\n<li>Pflanzarbeiten, Ansaat TSI GmbH Osterweddingen<\/li>\n<\/ul>\n<p><strong><em>\u00a0<\/em><\/strong><\/p>\n<p><strong><em>\u00a0<\/em><\/strong><\/p>\n<p><strong><em>Baumpflege- und F\u00e4llma\u00dfnahmen<\/em><\/strong><\/p>\n<p>&nbsp;<\/p>\n<ul>\n<li>Baumpflegearbeiten f\u00fcr die Stadt Oschersleben<\/li>\n<li>Baumpflegearbeiten f\u00fcr die Verbandsgemeinde \u201eObere Aller\u201c<\/li>\n<li>Baumpflegearbeiten f\u00fcr die Verbandsgemeinde \u201eWestliche B\u00f6rde\u201c<\/li>\n<li>Baumpflegearbeiten f\u00fcr die Gemeinde Huy mit allen Ortsteilen<\/li>\n<li>Baumpflegearbeiten f\u00fcr die Samtgemeinde Heeseberg mit allen Ortsteilen<\/li>\n<li>Baumpflegearbeiten f\u00fcr die Gemeinde B\u00fcddenstedt<\/li>\n<li>Baumschnittma\u00dfnahmen f\u00fcr den Landesstra\u00dfenbaubeh\u00f6rde, SM Oschersleben<\/li>\n<li>Baumpflegearbeiten im Stadtgebiet Magdeburg; Stadt Magdeburg<\/li>\n<li>Baumpflegema\u00dfnahmen an Naturdenkm\u00e4lern im Landkreis B\u00f6rde<\/li>\n<li>Baumpflegearbeiten f\u00fcr die Wohnungsbaugesellschaft in Calbe<\/li>\n<li>Baumschnitt- und Baumf\u00e4llarbeiten in der Gemeinde Barleben<\/li>\n<li>Aus\u00e4stungsarbeiten f\u00fcr die E.ON Avacon AG, Leitungsfreihaltung<\/li>\n<li>Baumf\u00e4llarbeiten an der K1243 in Gro\u00df Rosenburg, Salzlandkreis<\/li>\n<li>Entbuschung Steinbruch Langenweddingen, Landkreis B\u00f6rde<\/li>\n<li>Forstmulcharbeiten in Grassau (Altmark)<\/li>\n<\/ul>\n<p>&nbsp;<\/p>\n<p>&nbsp;<\/p>\n<h5>Winterdienstarbeiten<\/h5>\n<p>&nbsp;<\/p>\n<ul>\n<li>Winterdienstarbeiten unter Einsatz von Gro\u00dftechnik f\u00fcr den Landesbetrieb Bau, Stra\u00dfenmeisterei Oschersleben<\/li>\n<li>Winterdienstarbeiten f\u00fcr die Gemeinde Huy mit ihren 11 Ortsteilen<\/li>\n<\/ul>\n<p>&nbsp;<\/p>\n<p>&nbsp;<\/p>\n<p><b>Gartenschauen<\/b><\/p>\n<ul>\n<li>Bundesgartenschau Magdeburg 1999; Wechselflorbepflanzung<\/li>\n<li>Landesgartenschau Zeitz 2004; Anlage des Heil- und Apothekergartens<\/li>\n<li>Landesgartenschau Wernigerode 2006; Anlage eines Bauerngartens, Wechselflorbepflanzung<\/li>\n<li>Landesgartenschau Burg 2018; Themengarten &#8222;Blaue Woge&#8220;<\/li>\n<\/ul>\n<p>&nbsp;<\/p>\n","protected":false},"excerpt":{"rendered":"<p>Einen Einblick in unser Wirkungsfeld gibt Ihnen die folgende \u00dcbersicht: &nbsp; Au\u00dfenanlagen (Tiefbau, Pflanzungen, Komplettanlagen) &nbsp; Pflasterarbeiten Baustofflager TOOM Baumarkt in Oschersleben Anlage Spielplatz Zuckerbusch in Magdeburg, Landeshauptstadt Magdeburg Anlage Spielplatz Ziegelberg in Helmstedt, Stadt Helmstedt Gestaltung der Au\u00dfenanlage in Halberstadt (Privatgarten) Gestaltung der Au\u00dfenanlage in Beckendorf (Privatgarten) Gestaltung der Au\u00dfenanlage in Oschersleben (Privatgarten) Gestaltung [&hellip;]<\/p>\n","protected":false},"author":1,"featured_media":0,"parent":215,"menu_order":1,"comment_status":"closed","ping_status":"open","template":"","meta":[],"_links":{"self":[{"href":"http:\/\/www.eckstein-sommer.de\/index.php?rest_route=\/wp\/v2\/pages\/222"}],"collection":[{"href":"http:\/\/www.eckstein-sommer.de\/index.php?rest_route=\/wp\/v2\/pages"}],"about":[{"href":"http:\/\/www.eckstein-sommer.de\/index.php?rest_route=\/wp\/v2\/types\/page"}],"author":[{"embeddable":true,"href":"http:\/\/www.eckstein-sommer.de\/index.php?rest_route=\/wp\/v2\/users\/1"}],"replies":[{"embeddable":true,"href":"http:\/\/www.eckstein-sommer.de\/index.php?rest_route=%2Fwp%2Fv2%2Fcomments&post=222"}],"version-history":[{"count":9,"href":"http:\/\/www.eckstein-sommer.de\/index.php?rest_route=\/wp\/v2\/pages\/222\/revisions"}],"predecessor-version":[{"id":993,"href":"http:\/\/www.eckstein-sommer.de\/index.php?rest_route=\/wp\/v2\/pages\/222\/revisions\/993"}],"up":[{"embeddable":true,"href":"http:\/\/www.eckstein-sommer.de\/index.php?rest_route=\/wp\/v2\/pages\/215"}],"wp:attachment":[{"href":"http:\/\/www.eckstein-sommer.de\/index.php?rest_route=%2Fwp%2Fv2%2Fmedia&parent=222"}],"curies":[{"name":"wp","href":"https:\/\/api.w.org\/{rel}","templated":true}]}}