{"id":416,"date":"2014-05-23T09:18:13","date_gmt":"2014-05-23T07:18:13","guid":{"rendered":"http:\/\/www.eckstein-sommer.de\/?page_id=416"},"modified":"2020-02-05T12:25:16","modified_gmt":"2020-02-05T10:25:16","slug":"floristik","status":"publish","type":"page","link":"http:\/\/www.eckstein-sommer.de\/?page_id=416","title":{"rendered":"Floristik"},"content":{"rendered":"<p>&nbsp;<\/p>\n<p>Ihre Ansprechpartnerin bei Eckstein &amp; Sommer &#8211; Floristik-Werkstatt<\/p>\n<p>Frau Tanja Brandt (Floristin)<\/p>\n<p>ADRESSE<\/p>\n<p>Eckstein &amp; Sommer GmbH<br \/>\nFloristik-Werkstatt<br \/>\nOT Kleinalsleben<br \/>\nZum Anger 10<br \/>\n39387 Oschersleben (Bode)<\/p>\n<p>Tel. (03 94 08) 9 30 00<br \/>\nMobil (01 70) 3 71 33 35<br \/>\nFax (03 94 08) 3 78<br \/>\nE-Mail: info@eckstein-sommer.de<\/p>\n<p>GESCH\u00c4FTSZEITEN<br \/>\nMo. \u2013 Do. 6.00 Uhr \u2013 17.00 Uhr<br \/>\nFr. 6.00 Uhr \u2013 15.00 Uhr<\/p>\n<p>PFLICHTANGABEN<br \/>\nGesch\u00e4ftsf\u00fchrer: Nadine Hampel, Holger Brandt<br \/>\nAmtsgericht Stendal; HRB 101224<br \/>\nUST-IdNr. DE139375656<\/p>\n<p>HAFTUNGSHINWEIS<\/p>\n<p>Trotz sorgf\u00e4ltiger inhaltlicher Kontrolle \u00fcbernehmen wir keine Haftung f\u00fcr die Inhalte externer Links. F\u00fcr den Inhalt der verlinkten Seiten sind ausschlie\u00dflich deren Betreiber verantwortlich. Alle Rechte vorbehalten. Die auf der Website verwendeten Texte, Bilder, Grafiken, Dateien usw. unterliegen dem Urheberrecht und anderen Gesetzen zum Schutz des geistigen Eigentums. Ihre Weitergabe, Ver\u00e4nderung, gewerbliche Nutzung oder Verwendung in anderen Websites oder Medien ist nicht gestattet.<\/p>\n<p>&nbsp;<\/p>\n<p>&nbsp;<\/p>\n<p>&nbsp;<\/p>\n<p><strong>Datenschutzerkl\u00e4rung<\/strong><\/p>\n<p><strong>\u00a0<\/strong><\/p>\n<ol>\n<li><strong>Name und Anschrift des Verantwortlichen<\/strong><\/li>\n<\/ol>\n<p><strong>\u00a0<\/strong><\/p>\n<p><em>Eckstein &amp; Sommer GmbH, Garten- und Landschaftsbau, OT Kleinalsleben, Zum Anger 10, 39387 Oschersleben (Bode), Tel. <\/em><em>(03 94 08) 9 30 00, Fax (03 94 08) 3 78, E-Mail <\/em><a href=\"mailto:info@eckstein-sommer.de\"><em>info@eckstein-sommer.de<\/em><\/a><em>, Homepage www.eckstein-sommer.de<\/em><\/p>\n<p><strong>\u00a0<\/strong><\/p>\n<p>&nbsp;<\/p>\n<ol>\n<li><strong> Allgemeines zur Datenverarbeitung<\/strong><\/li>\n<\/ol>\n<p><strong>Umfang der Verarbeitung personenbezogener Daten<\/strong><\/p>\n<p><strong>\u00a0<\/strong><\/p>\n<p>Wir erheben und verwenden personenbezogene Daten unserer Nutzer grunds\u00e4tzlich nur, soweit dies<\/p>\n<p>zur Bereitstellung einer funktionsf\u00e4higen Website sowie unserer Inhalte und Leistungen erforderlich<\/p>\n<p>ist. Die Erhebung und Verwendung personenbezogener Daten unserer Nutzer erfolgt regelm\u00e4\u00dfig nur<\/p>\n<p>nach Einwilligung des Nutzers. Eine Ausnahme gilt in solchen F\u00e4llen, in denen eine vorherige<\/p>\n<p>Einholung einer Einwilligung aus tats\u00e4chlichen Gr\u00fcnden nicht m\u00f6glich ist und die Verarbeitung der<\/p>\n<p>Daten durch gesetzliche Vorschriften gestattet ist.<\/p>\n<p>&nbsp;<\/p>\n<p><strong>Rechtsgrundlage f\u00fcr die Verarbeitung personenbezogener Daten<\/strong><\/p>\n<p><strong>\u00a0<\/strong><\/p>\n<p>Folgende Rechtsgrundlagen bestehen f\u00fcr die Verarbeitung Ihrer personenbezogenen Daten:<\/p>\n<p>&nbsp;<\/p>\n<p>&#8211; Einwilligung<\/p>\n<p>&#8211; Vertragserf\u00fcllung oder vorvertragliche Ma\u00dfnahmen<\/p>\n<p>&#8211; rechtlichen Verpflichtung<\/p>\n<p>&#8211; Zur Wahrung eines berechtigten Interesses unseres Unternehmens oder eines Dritten<\/p>\n<p>erforderlich und die Interessen, Grundrechte und Grundfreiheiten des Betroffenen<\/p>\n<p>\u00fcberwiegen das erstgenannte Interesse nicht<\/p>\n<p>&nbsp;<\/p>\n<p><strong>Datenl\u00f6schung und Speicherdauer<\/strong><\/p>\n<p><strong>\u00a0<\/strong><\/p>\n<p>Die personenbezogenen Daten der betroffenen Person werden gel\u00f6scht oder gesperrt, sobald der<\/p>\n<p>Zweck der Speicherung entf\u00e4llt. Eine Speicherung kann dar\u00fcber hinaus dann erfolgen, wenn der<\/p>\n<p>L\u00f6schung eine gesetzliche Aufbewahrungsfrist z.B. aus der Abgabenordnung und dem<\/p>\n<p>Handelsgesetzbuch entgegensteht. Grunds\u00e4tzlich speichern wir Ihre Daten 10 Jahre. Bereitstellung<\/p>\n<p>der Website und Erstellung von Logfiles<\/p>\n<p>&nbsp;<\/p>\n<p><strong>Beschreibung und Umfang der Datenverarbeitung<\/strong><\/p>\n<p><strong>\u00a0<\/strong><\/p>\n<p>Bei jedem Aufruf unserer Internetseite erfasst unser System automatisiert Daten und Informationen<\/p>\n<p>vom Computersystem des aufrufenden Rechners. Folgende Daten werden hierbei erhoben:<\/p>\n<p>&nbsp;<\/p>\n<p>&#8211; \u00fcber den Browsertyp und die verwendete Version<\/p>\n<p>&#8211; das Betriebssystem des Nutzers<\/p>\n<p>&#8211; Den Internet-Service-Provider des Nutzers<\/p>\n<p>&#8211; Die IP-Adresse des Nutzers<\/p>\n<p>&#8211; Datum und Uhrzeit des Zugriffs<\/p>\n<p>&#8211; Websites, von denen das System des Nutzers auf unsere Internetseite gelangt<\/p>\n<p>&#8211; Websites, die vom System des Nutzers \u00fcber unsere Website aufgerufen werden<\/p>\n<p>&nbsp;<\/p>\n<p>Aufgrund von gesetzlichen Vorschriften ist es uns erlaubt, die Daten und Logfiles vor\u00fcbergehend zu<\/p>\n<p>speichern. Die vor\u00fcbergehende Speicherung der IP-Adresse (Dauer der Nutzung) ist notwendig, um<\/p>\n<p>Ihnen die Webseite an Sie auszuliefern.<\/p>\n<p>&nbsp;<\/p>\n<p>Die vor\u00fcbergehende Speicherung der IP-Adresse durch das System ist notwendig, um eine<\/p>\n<p>Auslieferung der Website an den Rechner des Nutzers zu erm\u00f6glichen. Hierf\u00fcr muss die IP-Adresse<\/p>\n<p>des Nutzers f\u00fcr die Dauer der Sitzung gespeichert bleiben. Die Daten werden bis zum Ende der<\/p>\n<p>jeweiligen Sitzung von uns gespeichert und dann automatisch gel\u00f6scht. Da diese Daten f\u00fcr den<\/p>\n<p>Betrieb der Webseite zwingend erforderlich ist, haben Sie als Nutzer keine M\u00f6glichkeit der<\/p>\n<p>Verarbeitung zu widersprechen.<\/p>\n<p>&nbsp;<\/p>\n<p><strong>III. Kontaktformular und E-Mail-Kontakt<\/strong><\/p>\n<p><strong>\u00a0<\/strong><\/p>\n<p>Auf unserer Webseite finden Sie auch ein Kontaktformular. Dieses kann zur elektronische<\/p>\n<p>Kontaktaufnahme genutzt werden. Die darin eingegebenen Daten werden von uns verarbeitet.<\/p>\n<p>Folgende Daten werden im Rahmen der Kontaktaufnahme verarbeitet:<\/p>\n<p>&nbsp;<\/p>\n<p>&#8211; IP-Adresse sowie Datum und Uhrzeit der Eingabe<\/p>\n<p>&#8211; Emailadresse<\/p>\n<p>&#8211; Name<\/p>\n<p>&#8211; Adresse<\/p>\n<p>&#8211; Telefonnummer<\/p>\n<p>&nbsp;<\/p>\n<p>Sie k\u00f6nnen zur Kontaktaufnahme auch unsere Emailadresse nutzen. Ihre Email wird bei uns<\/p>\n<p>verarbeitet. Eine Weitergabe Ihrer Daten an Dritte erfolgt nicht. Es verfolgt in diesem<\/p>\n<p>Zusammenhang keine Weitergabe der Daten an Dritte. Die Daten werden ausschlie\u00dflich f\u00fcr die<\/p>\n<p>Verarbeitung der Konversation verwendet. Rechtsgrundlage f\u00fcr die Datenverarbeitung ist eine<\/p>\n<p>Einwilligung. Sollten Sie den Kontakt zu uns suchen, um einen Vertrag abschlie\u00dfen, so ist die<\/p>\n<p>Rechtsgrundlage die Vertragserf\u00fcllung oder eine vorvertragliche Ma\u00dfnahme. Zweck der<\/p>\n<p>Dateneingabe in das Kontaktformular ist die Kontaktaufnahme zu uns. Die Daten werden gel\u00f6scht,<\/p>\n<p>wenn der Zweck der Datenverarbeitung erreicht ist. Dies kann bei der Kontaktaufnahme von den<\/p>\n<p>Umst\u00e4nden des Einzelfalls abh\u00e4ngen. M\u00f6glicherweise steht der unmittelbaren L\u00f6schung eine<\/p>\n<p>gesetzliche Aufbewahrungsfrist entgegen. Sie k\u00f6nnen Ihre Einwilligung uns gegen\u00fcber widerrufen.<\/p>\n<p>&nbsp;<\/p>\n<ol>\n<li><strong> Rechte der betroffenen Person<\/strong><\/li>\n<\/ol>\n<p><strong>\u00a0<\/strong><\/p>\n<p>Sie sind Betroffener und es stehen Ihnen folgende Rechte uns gegen\u00fcber zu:<\/p>\n<p>&nbsp;<\/p>\n<ul>\n<li>Sie k\u00f6nnen Auskunft verlangen, welche personenbezogene Daten, welcher Herkunft \u00fcber Sie<\/li>\n<\/ul>\n<p>zu welchem Zweck gespeichert sind. Ebenso m\u00fcssen Sie dar\u00fcber unterrichtet werden, wenn<\/p>\n<p>Ihre Daten an Dritte \u00fcbermittelt werden. In diesem Fall ist Ihnen gegen\u00fcber die Identit\u00e4t des<\/p>\n<p>Empf\u00e4ngers oder \u00fcber die Kategorien von Empf\u00e4nger Auskunft zu geben.<\/p>\n<ul>\n<li>Sollten Ihre personenbezogenen Daten unrichtig oder unvollst\u00e4ndig sein, so k\u00f6nnen Sie Ihre<\/li>\n<\/ul>\n<p>Berichtigung oder Erg\u00e4nzung verlangen.<\/p>\n<ul>\n<li>Sie k\u00f6nnen der Verarbeitung Ihrer personenbezogenen Daten zu Werbezwecken<\/li>\n<\/ul>\n<p>widersprechen. F\u00fcr diese Zwecke m\u00fcssen Ihre Daten dann gesperrt werden.<\/p>\n<ul>\n<li>Sie haben ein Recht auf Einschr\u00e4nkung der Verarbeitung, wenn Sie die Richtigkeit der Sie<\/li>\n<\/ul>\n<p>betreffenden personenbezogenen f\u00fcr eine Dauer bestreiten, die es dem Verantwortlichen<\/p>\n<p>erm\u00f6glicht, die Richtigkeit der personenbezogenen Daten zu \u00fcberpr\u00fcfen; die Verarbeitung<\/p>\n<p>unrechtm\u00e4\u00dfig ist und Sie die L\u00f6schung der personenbezogenen Daten ablehnen und<\/p>\n<p>stattdessen die Einschr\u00e4nkung der Nutzung der personenbezogenen Daten verlangen; der<\/p>\n<p>Verantwortliche die personenbezogenen Daten f\u00fcr die Zwecke der Verarbeitung nicht l\u00e4nger<\/p>\n<p>ben\u00f6tigt, Sie diese jedoch zur Geltendmachung, Aus\u00fcbung oder Verteidigung von<\/p>\n<p>Rechtsanspr\u00fcchen ben\u00f6tigen, oder wenn Sie Widerspruch gegen die Verarbeitung gem\u00e4\u00df<\/p>\n<p>Art. 21 Abs. 1 DSGVO eingelegt haben und noch nicht feststeht, ob die berechtigten Gr\u00fcnde<\/p>\n<p>des Verantwortlichen gegen\u00fcber Ihren Gr\u00fcnden \u00fcberwiegen.<\/p>\n<ul>\n<li>Sie k\u00f6nnen die L\u00f6schung Ihrer Daten verlangen. Dies ist dann m\u00f6glich, wenn die<\/li>\n<\/ul>\n<p>Rechtsgrundlage f\u00fcr die Datenverarbeitung fehlt oder weggefallen ist. Gleiches gilt f\u00fcr den<\/p>\n<p>Fall, dass der Zweck der Datenverarbeitung durch Zeitablauf oder anderen Gr\u00fcnden entfallen<\/p>\n<p>ist. Bitte beachten Sie, dass einer L\u00f6schung eine bestehende Aufbewahrungsfrist oder andere<\/p>\n<p>schutzw\u00fcrdige Interessen unseres Unternehmens entgegenstehen kann. Auf Nachfrage<\/p>\n<p>teilen wir Ihnen dieses gerne mit. Sollten wir Ihre Daten \u00f6ffentlich gemacht haben, so sind<\/p>\n<p>wir verpflichtet, jeden Empf\u00e4nger dar\u00fcber zu informieren, dass Sie die L\u00f6schung aller Links zu<\/p>\n<p>diesen personenbezogenen Daten oder von Kopien dieser personenbezogenen Daten<\/p>\n<p>verlangt haben.<\/p>\n<ul>\n<li>Sie haben zudem ein Widerspruchsrecht, wenn Ihr schutzw\u00fcrdiges Interesse aufgrund einer<\/li>\n<\/ul>\n<p>pers\u00f6nlichen Situation das Interesse der Verarbeitung \u00fcberwiegt. Dies gilt aber dann nicht,<\/p>\n<p>wenn wir aufgrund einer Rechtsvorschrift zur Durchf\u00fchrung der Verarbeitung verpflichtet<\/p>\n<p>sind.<\/p>\n<ul>\n<li>Unbeschadet eines anderweitigen verwaltungsrechtlichen oder gerichtlichen Rechtsbehelfs<\/li>\n<\/ul>\n<p>steht Ihnen das Recht auf Beschwerde bei einer Aufsichtsbeh\u00f6rde, zu, wenn Sie der Ansicht<\/p>\n<p>sind, dass die Verarbeitung der Sie betreffenden personenbezogenen Daten gegen den<\/p>\n<p>Datenschutz verst\u00f6\u00dft.<\/p>\n<ul>\n<li>Sie haben das Recht, die Sie betreffenden personenbezogenen Daten, die Sie dem<\/li>\n<\/ul>\n<p>Verantwortlichen bereitgestellt haben, in einem strukturierten, g\u00e4ngigen und<\/p>\n<p>maschinenlesbaren Format zu erhalten.<\/p>\n<p>&nbsp;<\/p>\n<p><strong>Quelle: SCO-CON:SULT, Bad Honnef, Rundschreiben Nr. 1\/2018 vom 27.03.2018<\/strong><\/p>\n<p><strong>\u00a0<\/strong><\/p>\n<p><strong>Erg\u00e4nzung zu Cookies, Analyse-Tools und Social Media Plug-ins auf der Website<\/strong><\/p>\n<p><strong>\u00a0<\/strong><\/p>\n<ol>\n<li><strong> Matomo<\/strong><\/li>\n<\/ol>\n<p>Die Open-Source-Software Matomo wird von uns zur Analyse und Auswertung der Nutzung der<\/p>\n<p>Website eingesetzt. Hierzu werden Cookies verwendet. Die Informationen, die durch den Cookie<\/p>\n<p>\u00fcber die Websitenutzung gewonnen werden, werden an unsere Server \u00fcbertragen. Anschlie\u00dfend<\/p>\n<p>werden die Informationen in pseudonymen Nutzungsprofilen zusammengefasst.<\/p>\n<p>Die Informationen dienen dazu, die Nutzung der Website auszuwerten und unsere Website bedarfsgerecht<\/p>\n<p>zu gestalten. Eine Weitergabe der Informationen an Dritte erfolgt nicht.<\/p>\n<p>Ihre IP-Adresse wird mit anderen den Nutzer betreffenden Daten nicht in Verbindung gebracht. Die<\/p>\n<p>IP-Adressen werden anonymisiert, so dass eine Zuordnung nicht m\u00f6glich ist (IP-Masking).<\/p>\n<p>Ihr Besuch dieser Webseite wird aktuell von der Matomo Webanalyse erfasst. Klicken Sie <strong>hier<\/strong><\/p>\n<p>(https:\/\/matamo.org\/docs\/privacy\/), damit Ihr Besuch nicht mehr erfasst wird.<\/p>\n","protected":false},"excerpt":{"rendered":"<p>&nbsp; Ihre Ansprechpartnerin bei Eckstein &amp; Sommer &#8211; Floristik-Werkstatt Frau Tanja Brandt (Floristin) ADRESSE Eckstein &amp; Sommer GmbH Floristik-Werkstatt OT Kleinalsleben Zum Anger 10 39387 Oschersleben (Bode) Tel. (03 94 08) 9 30 00 Mobil (01 70) 3 71 33 35 Fax (03 94 08) 3 78 E-Mail: info@eckstein-sommer.de GESCH\u00c4FTSZEITEN Mo. \u2013 Do. 6.00 Uhr [&hellip;]<\/p>\n","protected":false},"author":1,"featured_media":0,"parent":412,"menu_order":2,"comment_status":"closed","ping_status":"open","template":"","meta":[],"_links":{"self":[{"href":"http:\/\/www.eckstein-sommer.de\/index.php?rest_route=\/wp\/v2\/pages\/416"}],"collection":[{"href":"http:\/\/www.eckstein-sommer.de\/index.php?rest_route=\/wp\/v2\/pages"}],"about":[{"href":"http:\/\/www.eckstein-sommer.de\/index.php?rest_route=\/wp\/v2\/types\/page"}],"author":[{"embeddable":true,"href":"http:\/\/www.eckstein-sommer.de\/index.php?rest_route=\/wp\/v2\/users\/1"}],"replies":[{"embeddable":true,"href":"http:\/\/www.eckstein-sommer.de\/index.php?rest_route=%2Fwp%2Fv2%2Fcomments&post=416"}],"version-history":[{"count":18,"href":"http:\/\/www.eckstein-sommer.de\/index.php?rest_route=\/wp\/v2\/pages\/416\/revisions"}],"predecessor-version":[{"id":1055,"href":"http:\/\/www.eckstein-sommer.de\/index.php?rest_route=\/wp\/v2\/pages\/416\/revisions\/1055"}],"up":[{"embeddable":true,"href":"http:\/\/www.eckstein-sommer.de\/index.php?rest_route=\/wp\/v2\/pages\/412"}],"wp:attachment":[{"href":"http:\/\/www.eckstein-sommer.de\/index.php?rest_route=%2Fwp%2Fv2%2Fmedia&parent=416"}],"curies":[{"name":"wp","href":"https:\/\/api.w.org\/{rel}","templated":true}]}}