{"id":74,"date":"2014-04-10T15:11:48","date_gmt":"2014-04-10T13:11:48","guid":{"rendered":"http:\/\/www.eckstein-sommer.de\/?page_id=74"},"modified":"2024-01-24T13:40:53","modified_gmt":"2024-01-24T11:40:53","slug":"partner","status":"publish","type":"page","link":"http:\/\/www.eckstein-sommer.de\/?page_id=74","title":{"rendered":"Partner"},"content":{"rendered":"<p>Beratung, Ausf\u00fchrung und Pflege erhalten Sie von uns aus einer Hand.<\/p>\n<p>Um dieses umfangreiche Spektrum zu gew\u00e4hrleisten, werden Spezialisten aus unterschiedlichen Fachbereichen eingebunden. Kompetente Partner unterst\u00fctzen unsere Leistungen zu einzelnen Themen. Diese Partnerschaften basieren auf einer mehrj\u00e4hrigen vertrauensvollen Zusammenarbeit.<\/p>\n<p>Dar\u00fcber hinaus sind wir langj\u00e4hriges Mitglied im Fachverband Garten-, Landschafts- und Sportplatzbau Sachsen-Anhalt e.V. .<\/p>\n<ul>\n<li><img loading=\"lazy\" class=\"alignnone wp-image-441 size-full\" src=\"http:\/\/www.eckstein-sommer.de\/wp-content\/uploads\/gardena.jpg\" alt=\"gardena\" width=\"130\" height=\"130\" \/>\u00a0\u00a0Bew\u00e4sserung im Garten<\/li>\n<\/ul>\n<ul>\n<li><img loading=\"lazy\" class=\"alignnone size-full wp-image-442\" src=\"http:\/\/www.eckstein-sommer.de\/wp-content\/uploads\/gl.jpg\" alt=\"gl\" width=\"130\" height=\"171\" \/>\u00a0\u00a0Verband Garten-, Landschafts- und Sportplatzbau e.V.<\/li>\n<\/ul>\n","protected":false},"excerpt":{"rendered":"<p>Beratung, Ausf\u00fchrung und Pflege erhalten Sie von uns aus einer Hand. Um dieses umfangreiche Spektrum zu gew\u00e4hrleisten, werden Spezialisten aus unterschiedlichen Fachbereichen eingebunden. Kompetente Partner unterst\u00fctzen unsere Leistungen zu einzelnen Themen. Diese Partnerschaften basieren auf einer mehrj\u00e4hrigen vertrauensvollen Zusammenarbeit. Dar\u00fcber hinaus sind wir langj\u00e4hriges Mitglied im Fachverband Garten-, Landschafts- und Sportplatzbau Sachsen-Anhalt e.V. . \u00a0\u00a0Bew\u00e4sserung [&hellip;]<\/p>\n","protected":false},"author":1,"featured_media":0,"parent":35,"menu_order":5,"comment_status":"closed","ping_status":"open","template":"","meta":[],"_links":{"self":[{"href":"http:\/\/www.eckstein-sommer.de\/index.php?rest_route=\/wp\/v2\/pages\/74"}],"collection":[{"href":"http:\/\/www.eckstein-sommer.de\/index.php?rest_route=\/wp\/v2\/pages"}],"about":[{"href":"http:\/\/www.eckstein-sommer.de\/index.php?rest_route=\/wp\/v2\/types\/page"}],"author":[{"embeddable":true,"href":"http:\/\/www.eckstein-sommer.de\/index.php?rest_route=\/wp\/v2\/users\/1"}],"replies":[{"embeddable":true,"href":"http:\/\/www.eckstein-sommer.de\/index.php?rest_route=%2Fwp%2Fv2%2Fcomments&post=74"}],"version-history":[{"count":14,"href":"http:\/\/www.eckstein-sommer.de\/index.php?rest_route=\/wp\/v2\/pages\/74\/revisions"}],"predecessor-version":[{"id":1102,"href":"http:\/\/www.eckstein-sommer.de\/index.php?rest_route=\/wp\/v2\/pages\/74\/revisions\/1102"}],"up":[{"embeddable":true,"href":"http:\/\/www.eckstein-sommer.de\/index.php?rest_route=\/wp\/v2\/pages\/35"}],"wp:attachment":[{"href":"http:\/\/www.eckstein-sommer.de\/index.php?rest_route=%2Fwp%2Fv2%2Fmedia&parent=74"}],"curies":[{"name":"wp","href":"https:\/\/api.w.org\/{rel}","templated":true}]}}