{"id":86,"date":"2014-04-10T16:58:21","date_gmt":"2014-04-10T14:58:21","guid":{"rendered":"http:\/\/www.eckstein-sommer.de\/?page_id=86"},"modified":"2024-01-24T15:21:58","modified_gmt":"2024-01-24T13:21:58","slug":"aktuell","status":"publish","type":"page","link":"http:\/\/www.eckstein-sommer.de\/?page_id=86","title":{"rendered":"Aktuell"},"content":{"rendered":"<h2><\/h2>\n<h2 style=\"text-align: left;\"><img loading=\"lazy\" class=\"alignnone  wp-image-1060\" src=\"http:\/\/www.eckstein-sommer.de\/wp-content\/uploads\/Flyer-komplett1_06022020_133223-300x207.jpg\" alt=\"\" width=\"252\" height=\"174\" srcset=\"http:\/\/www.eckstein-sommer.de\/wp-content\/uploads\/Flyer-komplett1_06022020_133223-300x207.jpg 300w, http:\/\/www.eckstein-sommer.de\/wp-content\/uploads\/Flyer-komplett1_06022020_133223-768x530.jpg 768w, http:\/\/www.eckstein-sommer.de\/wp-content\/uploads\/Flyer-komplett1_06022020_133223-1024x706.jpg 1024w, http:\/\/www.eckstein-sommer.de\/wp-content\/uploads\/Flyer-komplett1_06022020_133223-676x466.jpg 676w\" sizes=\"(max-width: 252px) 100vw, 252px\" \/><\/h2>\n<h3><\/h3>\n<p><strong>2020 wird alles anders \u201eBLUMIG\u201c<\/strong><\/p>\n<p>Sehr geehrte Gesch\u00e4ftspartner, Freunde und Kunden,<\/p>\n<p>aufgrund der wirtschaftlichen Situation im Bereich Floristik schlie\u00dfen wir unser Ladengesch\u00e4ft in der Halberst\u00e4dter Stra\u00dfe 27 in Oschersleben zum 31.12.2019.<\/p>\n<p>Wir bedanken uns f\u00fcr die stets gute Zusammenarbeit und das entgegengebrachte Vertrauen.<\/p>\n<p>Frau Brandt wird weiterhin in unserem Unternehmen als Floristin t\u00e4tig sein und sich pers\u00f6nlich um Ihre W\u00fcnsche in Sachen Floristik &amp; Gr\u00fcn k\u00fcmmern.<\/p>\n<p><strong>\u00a0 Vieles wird einfacher\u2026\u00a0\u00a0\u00a0\u00a0\u00a0\u00a0\u00a0<\/strong><\/p>\n<p><strong>\u00a0\u00a0\u00a0\u00a0\u00a0\u00a0\u00a0\u00a0\u00a0\u00a0\u00a0\u00a0\u00a0\u00a0\u00a0\u00a0\u00a0\u00a0\u00a0\u00a0\u00a0\u00a0\u00a0\u00a0\u00a0\u00a0\u00a0\u00a0\u00a0\u00a0\u00a0\u00a0\u00a0\u00a0\u00a0\u00a0\u00a0\u00a0\u00a0\u00a0\u00a0\u00a0\u00a0\u00a0\u00a0\u00a0\u00a0\u00a0\u00a0\u00a0\u00a0\u00a0\u00a0\u00a0\u00a0\u00a0\u00a0\u00a0\u00a0\u00a0\u00a0\u00a0\u00a0\u00a0\u00a0\u00a0\u00a0\u00a0\u00a0\u00a0\u00a0\u00a0\u00a0\u00a0\u00a0\u00a0\u00a0\u00a0\u00a0 \u2026und einiges wird neu!<\/strong><\/p>\n<p>F\u00fcr eine bessere Planung, bitten wir Sie Ihre Bestellung rechtzeitig zu \u00fcbermitteln, da wir die ben\u00f6tigte Ware speziell f\u00fcr Ihre W\u00fcnsche einkaufen und zusammenstellen.<\/p>\n<p>Bestellen k\u00f6nnen Sie telefonisch, per Fax oder E-Mail.<\/p>\n<p>Sie haben die M\u00f6glichkeit Ihre Bestellung in unserem Hauptb\u00fcro im Ortsteil Kleinalsleben abzuholen oder an Ihre Wunschadresse (zzgl. Lieferkosten) liefern zu lassen.<\/p>\n<p>F\u00fcr besondere Anfragen kommt Frau Brandt gern pers\u00f6nlich zu einer Beratung vorbei und bespricht alle weiteren Details.<\/p>\n<p>Unser besonderes Augenmerk gilt nach wie vor dem perfekten Service.<\/p>\n<p>Wir freuen uns auf eine weitere gute Zusammenarbeit und auf viele spannende, kreative Ideen, die wir f\u00fcr Sie umsetzen d\u00fcrfen.<\/p>\n<p>Sie erreichen uns unter:<\/p>\n<p>Tel:\u00a0\u00a0\u00a0\u00a0\u00a0 03 94 08\/ 9 30 00<\/p>\n<p>Fax:\u00a0\u00a0\u00a0\u00a0 03 94 08\/ 3 78<\/p>\n<p>E-Mail: <a href=\"mailto:info@eckstein-sommer.de\">info@eckstein-sommer.de<\/a><\/p>\n<p>Mobil:\u00a0 01 70\/ 3 71 33 35<\/p>\n<h3><\/h3>\n<h3><\/h3>\n<h2 style=\"text-align: left;\"><img loading=\"lazy\" class=\"alignnone wp-image-996\" src=\"http:\/\/www.eckstein-sommer.de\/wp-content\/uploads\/Forstmulcher-in-Aktion-2-300x169.png\" alt=\"\" width=\"226\" height=\"127\" srcset=\"http:\/\/www.eckstein-sommer.de\/wp-content\/uploads\/Forstmulcher-in-Aktion-2-300x169.png 300w, http:\/\/www.eckstein-sommer.de\/wp-content\/uploads\/Forstmulcher-in-Aktion-2-768x432.png 768w, http:\/\/www.eckstein-sommer.de\/wp-content\/uploads\/Forstmulcher-in-Aktion-2-1024x576.png 1024w, http:\/\/www.eckstein-sommer.de\/wp-content\/uploads\/Forstmulcher-in-Aktion-2-676x380.png 676w, http:\/\/www.eckstein-sommer.de\/wp-content\/uploads\/Forstmulcher-in-Aktion-2.png 1334w\" sizes=\"(max-width: 226px) 100vw, 226px\" \/>\u00a0<img loading=\"lazy\" class=\"alignnone wp-image-997\" src=\"http:\/\/www.eckstein-sommer.de\/wp-content\/uploads\/Fendt-mit-Forstmulcher-12-300x225.jpg\" alt=\"\" width=\"171\" height=\"128\" srcset=\"http:\/\/www.eckstein-sommer.de\/wp-content\/uploads\/Fendt-mit-Forstmulcher-12-300x225.jpg 300w, http:\/\/www.eckstein-sommer.de\/wp-content\/uploads\/Fendt-mit-Forstmulcher-12-768x576.jpg 768w, http:\/\/www.eckstein-sommer.de\/wp-content\/uploads\/Fendt-mit-Forstmulcher-12-1024x768.jpg 1024w, http:\/\/www.eckstein-sommer.de\/wp-content\/uploads\/Fendt-mit-Forstmulcher-12-676x507.jpg 676w\" sizes=\"(max-width: 171px) 100vw, 171px\" \/>\u00a0<img loading=\"lazy\" class=\"alignnone wp-image-998\" src=\"http:\/\/www.eckstein-sommer.de\/wp-content\/uploads\/Forstmulcher-Altmark-13-300x225.jpg\" alt=\"\" width=\"171\" height=\"128\" srcset=\"http:\/\/www.eckstein-sommer.de\/wp-content\/uploads\/Forstmulcher-Altmark-13-300x225.jpg 300w, http:\/\/www.eckstein-sommer.de\/wp-content\/uploads\/Forstmulcher-Altmark-13-768x576.jpg 768w, http:\/\/www.eckstein-sommer.de\/wp-content\/uploads\/Forstmulcher-Altmark-13-1024x768.jpg 1024w, http:\/\/www.eckstein-sommer.de\/wp-content\/uploads\/Forstmulcher-Altmark-13-676x507.jpg 676w, http:\/\/www.eckstein-sommer.de\/wp-content\/uploads\/Forstmulcher-Altmark-13.jpg 2016w\" sizes=\"(max-width: 171px) 100vw, 171px\" \/><\/h2>\n<p><strong>Forstmulcher Schmidt Typ 2200 mit Traktor Fendt 720 Vario<\/strong><\/p>\n<p><u>Technische Daten:<\/u><\/p>\n<ul>\n<li>Arbeitsbreite: 2,20m<\/li>\n<li>Arbeitstiefe: 8cm<\/li>\n<li>Hartmetallbest\u00fcckte Werkzeuge<\/li>\n<li>Gewicht: 2.700kg<\/li>\n<\/ul>\n<p>Unser Forstmulcher zerkleinert Restholz, Strauchgut, Buschwerk, Restbaumbest\u00e4nde und Baumstubben.<\/p>\n<p><strong>Rufen Sie uns an und lassen Sie sich von\u00a0<\/strong><strong>unserer Leistungsst\u00e4rke \u00fcberzeugen!<\/strong><\/p>\n<h2><\/h2>\n<h2><em>Ab jetzt neu! Baumarbeiten mittels Seilklettertechnik<\/em><\/h2>\n<p>Ab sofort k\u00f6nnen wir Ihnen Baumarbeiten mittels Seilklettertechnik f\u00fcr schwer zug\u00e4ngliche Standorte anbieten.<a href=\"http:\/\/www.eckstein-sommer.de\/wp-content\/uploads\/Gr\u00f6\u00dfen\u00e4nderung-SKT-Lehrgang-09.06.2016-01.jpg\"><img loading=\"lazy\" class=\"size-medium wp-image-716 alignright\" src=\"http:\/\/www.eckstein-sommer.de\/wp-content\/uploads\/Gr\u00f6\u00dfen\u00e4nderung-SKT-Lehrgang-09.06.2016-01-300x225.jpg\" alt=\"Gr\u00f6\u00dfen\u00e4nderung SKT-Lehrgang 09.06.2016 (01)\" width=\"300\" height=\"225\" srcset=\"http:\/\/www.eckstein-sommer.de\/wp-content\/uploads\/Gr\u00f6\u00dfen\u00e4nderung-SKT-Lehrgang-09.06.2016-01-300x225.jpg 300w, http:\/\/www.eckstein-sommer.de\/wp-content\/uploads\/Gr\u00f6\u00dfen\u00e4nderung-SKT-Lehrgang-09.06.2016-01.jpg 1024w, http:\/\/www.eckstein-sommer.de\/wp-content\/uploads\/Gr\u00f6\u00dfen\u00e4nderung-SKT-Lehrgang-09.06.2016-01-676x507.jpg 676w\" sizes=\"(max-width: 300px) 100vw, 300px\" \/><\/a><\/p>\n<p>Die Seilklettertechnik erm\u00f6glicht uns Baumarbeiten auszuf\u00fchren ohne Hubarbeitsb\u00fchnen oder anderes schweres Ger\u00e4t einzusetzen. So k\u00f6nnen wir auch an unzug\u00e4nglichen Orten (Friedh\u00f6fe, Innen- und Hinterh\u00f6fe, Parks oder G\u00e4rten) B\u00e4ume pflegen und f\u00e4llen. Es werden Bodenverdichtungen, Wurzelverletzungen und Verletzungen gesunder \u00c4ste, die beim Einsatz von Hubarbeitsb\u00fchnen entstehen k\u00f6nnen, vollst\u00e4ndig vermieden.<\/p>\n<p>Vereinbaren Sie schon jetzt einen Termin\u00a0unter Tel. (03 94 08) 9 30 00 f\u00fcr ein unverbindliches Angebot und sichern sich Ihren Ausf\u00fchrungstermin f\u00fcr die kommende Baumpflegesaison!<\/p>\n<p>Holger Brandt<br \/>\n(Gesch\u00e4ftsf\u00fchrer)<\/p>\n","protected":false},"excerpt":{"rendered":"<p>2020 wird alles anders \u201eBLUMIG\u201c Sehr geehrte Gesch\u00e4ftspartner, Freunde und Kunden, aufgrund der wirtschaftlichen Situation im Bereich Floristik schlie\u00dfen wir unser Ladengesch\u00e4ft in der Halberst\u00e4dter Stra\u00dfe 27 in Oschersleben zum 31.12.2019. Wir bedanken uns f\u00fcr die stets gute Zusammenarbeit und das entgegengebrachte Vertrauen. Frau Brandt wird weiterhin in unserem Unternehmen als Floristin t\u00e4tig sein und [&hellip;]<\/p>\n","protected":false},"author":1,"featured_media":0,"parent":0,"menu_order":0,"comment_status":"closed","ping_status":"open","template":"","meta":[],"_links":{"self":[{"href":"http:\/\/www.eckstein-sommer.de\/index.php?rest_route=\/wp\/v2\/pages\/86"}],"collection":[{"href":"http:\/\/www.eckstein-sommer.de\/index.php?rest_route=\/wp\/v2\/pages"}],"about":[{"href":"http:\/\/www.eckstein-sommer.de\/index.php?rest_route=\/wp\/v2\/types\/page"}],"author":[{"embeddable":true,"href":"http:\/\/www.eckstein-sommer.de\/index.php?rest_route=\/wp\/v2\/users\/1"}],"replies":[{"embeddable":true,"href":"http:\/\/www.eckstein-sommer.de\/index.php?rest_route=%2Fwp%2Fv2%2Fcomments&post=86"}],"version-history":[{"count":69,"href":"http:\/\/www.eckstein-sommer.de\/index.php?rest_route=\/wp\/v2\/pages\/86\/revisions"}],"predecessor-version":[{"id":1104,"href":"http:\/\/www.eckstein-sommer.de\/index.php?rest_route=\/wp\/v2\/pages\/86\/revisions\/1104"}],"wp:attachment":[{"href":"http:\/\/www.eckstein-sommer.de\/index.php?rest_route=%2Fwp%2Fv2%2Fmedia&parent=86"}],"curies":[{"name":"wp","href":"https:\/\/api.w.org\/{rel}","templated":true}]}}