{"id":100,"date":"2014-04-10T17:12:03","date_gmt":"2014-04-10T15:12:03","guid":{"rendered":"http:\/\/www.eckstein-sommer.de\/?page_id=100"},"modified":"2019-12-12T10:46:42","modified_gmt":"2019-12-12T08:46:42","slug":"presse","status":"publish","type":"page","link":"https:\/\/www.eckstein-sommer.de\/?page_id=100","title":{"rendered":"Presse"},"content":{"rendered":"<p>&nbsp;<\/p>\n<p><strong>Sieger im 1. Wettbewerb des Garten- und Landschaftsbaus in Sachsen-Anhalt<\/strong><\/p>\n<p>Die Firma Eckstein &amp; Sommer hat sich mit dem Wettbewerbsbeitrag \u201eLet\u2019s swing\u201c, einem von uns geplanten und gebauten Privatgarten, am Wettbewerb des Garten- und Landschaftsbaus beteiligt und hierbei den 1. Platz belegt. Die harmonische Gestaltung, konsequent von der Planung bis zur Umsetzung durchgesetzt, verbunden mit exzellenter Pflanzenauswahl waren u.a. die Hauptkriterien, welche die Jury \u00fcberzeugten.<\/p>\n\n<p>Die Siegerehrung erfolgte im pr\u00e4mierten Garten in Wanzleben. Der Minister Herr Dr. Hermann Onko Aeikens \u00fcberreichte neben der Siegerurkunde einen Spaten mit Gravur, der in der Firma einen Ehrenplatz erhalten hat. Wir freuen uns \u00fcber den 1. Platz und die damit verbundene Anerkennung unserer Arbeit.<\/p>\n<p>Der Verband Garten-, Landschafts- und Sportplatzbau Sachsen-Anhalts hat in Zusammenarbeit mit dem Ministerium f\u00fcr Landwirtschaft und Umwelt 2010 erstmals einen Wettbewerb des Garten- und Landschaftsbaus ausgerufen. Hiermit soll das Leistungsspektrum der Betriebe bekannt gemacht werden und Ma\u00dfst\u00e4be f\u00fcr die Gartengestaltung gesetzt werden. Bewertet wurde die Gesamtanlage, die Gestaltungs- und Nutzungsqualit\u00e4t sowie die fachgerechte Ausf\u00fchrung der G\u00e4rten.<\/p>\n","protected":false},"excerpt":{"rendered":"<p>&nbsp; Sieger im 1. Wettbewerb des Garten- und Landschaftsbaus in Sachsen-Anhalt Die Firma Eckstein &amp; Sommer hat sich mit dem Wettbewerbsbeitrag \u201eLet\u2019s swing\u201c, einem von uns geplanten und gebauten Privatgarten, am Wettbewerb des Garten- und Landschaftsbaus beteiligt und hierbei den 1. Platz belegt. Die harmonische Gestaltung, konsequent von der Planung bis zur Umsetzung durchgesetzt, verbunden [&hellip;]<\/p>\n","protected":false},"author":1,"featured_media":0,"parent":86,"menu_order":3,"comment_status":"closed","ping_status":"open","template":"","meta":[],"_links":{"self":[{"href":"https:\/\/www.eckstein-sommer.de\/index.php?rest_route=\/wp\/v2\/pages\/100"}],"collection":[{"href":"https:\/\/www.eckstein-sommer.de\/index.php?rest_route=\/wp\/v2\/pages"}],"about":[{"href":"https:\/\/www.eckstein-sommer.de\/index.php?rest_route=\/wp\/v2\/types\/page"}],"author":[{"embeddable":true,"href":"https:\/\/www.eckstein-sommer.de\/index.php?rest_route=\/wp\/v2\/users\/1"}],"replies":[{"embeddable":true,"href":"https:\/\/www.eckstein-sommer.de\/index.php?rest_route=%2Fwp%2Fv2%2Fcomments&post=100"}],"version-history":[{"count":11,"href":"https:\/\/www.eckstein-sommer.de\/index.php?rest_route=\/wp\/v2\/pages\/100\/revisions"}],"predecessor-version":[{"id":1018,"href":"https:\/\/www.eckstein-sommer.de\/index.php?rest_route=\/wp\/v2\/pages\/100\/revisions\/1018"}],"up":[{"embeddable":true,"href":"https:\/\/www.eckstein-sommer.de\/index.php?rest_route=\/wp\/v2\/pages\/86"}],"wp:attachment":[{"href":"https:\/\/www.eckstein-sommer.de\/index.php?rest_route=%2Fwp%2Fv2%2Fmedia&parent=100"}],"curies":[{"name":"wp","href":"https:\/\/api.w.org\/{rel}","templated":true}]}}