{"id":131,"date":"2014-04-10T18:02:26","date_gmt":"2014-04-10T16:02:26","guid":{"rendered":"http:\/\/www.eckstein-sommer.de\/?page_id=131"},"modified":"2019-01-14T12:06:17","modified_gmt":"2019-01-14T10:06:17","slug":"besonderes","status":"publish","type":"page","link":"https:\/\/www.eckstein-sommer.de\/?page_id=131","title":{"rendered":"Besonderes"},"content":{"rendered":"<p>Unser breites Leistungsspektrum umfasst des Weiteren:<\/p>\n<ul>\n<li>Einbau von Ausstattungsgegenst\u00e4nden<\/li>\n<li>Zaunbau<\/li>\n<li>Errichten von Pergolen, Rankger\u00fcsten, Sichtschutz etc.<\/li>\n<li>Dachbegr\u00fcnung<\/li>\n<li>Fassadenbegr\u00fcnung<\/li>\n<li>Grabgestaltung<\/li>\n<li>Innenraumbegr\u00fcnung<\/li>\n<li>Spielplatzbau<\/li>\n<li>Landschaftspflege<\/li>\n<li>Kunstrasenverlegung<\/li>\n<li>Forstmulcharbeiten<\/li>\n<\/ul>\n<p>Zu weiteren Leistungen fragen Sie bitte bei uns an! Wir finden eine L\u00f6sung!<\/p>\n","protected":false},"excerpt":{"rendered":"<p>Unser breites Leistungsspektrum umfasst des Weiteren: Einbau von Ausstattungsgegenst\u00e4nden Zaunbau Errichten von Pergolen, Rankger\u00fcsten, Sichtschutz etc. Dachbegr\u00fcnung Fassadenbegr\u00fcnung Grabgestaltung Innenraumbegr\u00fcnung Spielplatzbau Landschaftspflege Kunstrasenverlegung Forstmulcharbeiten Zu weiteren Leistungen fragen Sie bitte bei uns an! Wir finden eine L\u00f6sung!<\/p>\n","protected":false},"author":1,"featured_media":0,"parent":104,"menu_order":8,"comment_status":"closed","ping_status":"open","template":"","meta":[],"_links":{"self":[{"href":"https:\/\/www.eckstein-sommer.de\/index.php?rest_route=\/wp\/v2\/pages\/131"}],"collection":[{"href":"https:\/\/www.eckstein-sommer.de\/index.php?rest_route=\/wp\/v2\/pages"}],"about":[{"href":"https:\/\/www.eckstein-sommer.de\/index.php?rest_route=\/wp\/v2\/types\/page"}],"author":[{"embeddable":true,"href":"https:\/\/www.eckstein-sommer.de\/index.php?rest_route=\/wp\/v2\/users\/1"}],"replies":[{"embeddable":true,"href":"https:\/\/www.eckstein-sommer.de\/index.php?rest_route=%2Fwp%2Fv2%2Fcomments&post=131"}],"version-history":[{"count":4,"href":"https:\/\/www.eckstein-sommer.de\/index.php?rest_route=\/wp\/v2\/pages\/131\/revisions"}],"predecessor-version":[{"id":988,"href":"https:\/\/www.eckstein-sommer.de\/index.php?rest_route=\/wp\/v2\/pages\/131\/revisions\/988"}],"up":[{"embeddable":true,"href":"https:\/\/www.eckstein-sommer.de\/index.php?rest_route=\/wp\/v2\/pages\/104"}],"wp:attachment":[{"href":"https:\/\/www.eckstein-sommer.de\/index.php?rest_route=%2Fwp%2Fv2%2Fmedia&parent=131"}],"curies":[{"name":"wp","href":"https:\/\/api.w.org\/{rel}","templated":true}]}}