{"id":4,"date":"2014-04-08T15:22:15","date_gmt":"2014-04-08T13:22:15","guid":{"rendered":"http:\/\/www.eckstein-sommer.de\/?page_id=4"},"modified":"2022-09-20T11:35:49","modified_gmt":"2022-09-20T09:35:49","slug":"herzlich-willkommen","status":"publish","type":"page","link":"https:\/\/www.eckstein-sommer.de\/","title":{"rendered":"Herzlich Willkommen"},"content":{"rendered":"\n<p><\/p>\n\n\n\n<figure class=\"wp-block-pullquote\"><blockquote><p><em>Sie k\u00f6nnen uns \u00fcber Festnetz nicht erreichen?!<\/em><\/p><p><em>Das k\u00f6nnte an der Umstellung auf DNS-Net liegen.<\/em><\/p><p><em>In diesem Fall sind wir unter der <\/em><\/p><p><em>Rufnummer\u00a0<strong>0170 3713333 <\/strong>weiterhin f\u00fcr Sie\u00a0erreichbar.<\/em><\/p><cite>Eckstein &amp; Sommer<\/cite><\/blockquote><\/figure>\n\n\n<p><\/p>\n<p>Wir begr\u00fc\u00dfen Sie auf der Internetseite der Firma Eckstein &amp; Sommer und freuen uns, Ihnen einen Einblick in unser umfangreiches Leistungsangebot zu geben!<\/p>\n<p>Entdecken Sie mit uns die vielf\u00e4ltigen M\u00f6glichkeiten mit Gr\u00fcn zu gestalten und lassen Sie sich von unserer Fachkompetenz \u00fcberzeugen.<\/p>\n<p>Unser T\u00e4tigkeitsfeld umfasst sowohl Arbeiten des Garten- und Landschaftsbaus als auch der Floristik.<\/p>\n<p>Ihr Team der Firma Eckstein &amp; Sommer<\/p>\n<h4><span class=\"Apple-style-span\" style=\"color: #007c08; font-size: 1.5em;\"><strong>\u201eGr\u00fcn ist nicht alles, aber ohne Gr\u00fcn ist alles nichts.\u201c<br \/><\/strong><\/span><span style=\"color: #333300; font-size: 0.6em;\"><em>Hans-Hermann Bentrup<\/em><\/span><\/h4>","protected":false},"excerpt":{"rendered":"<p>Sie k\u00f6nnen uns \u00fcber Festnetz nicht erreichen?! Das k\u00f6nnte an der Umstellung auf DNS-Net liegen. In diesem Fall sind wir unter der Rufnummer\u00a00170 3713333 weiterhin f\u00fcr Sie\u00a0erreichbar. Eckstein &amp; Sommer Wir begr\u00fc\u00dfen Sie auf der Internetseite der Firma Eckstein &amp; Sommer und freuen uns, Ihnen einen Einblick in unser umfangreiches Leistungsangebot zu geben! Entdecken Sie [&hellip;]<\/p>\n","protected":false},"author":1,"featured_media":0,"parent":0,"menu_order":0,"comment_status":"closed","ping_status":"closed","template":"","meta":[],"_links":{"self":[{"href":"https:\/\/www.eckstein-sommer.de\/index.php?rest_route=\/wp\/v2\/pages\/4"}],"collection":[{"href":"https:\/\/www.eckstein-sommer.de\/index.php?rest_route=\/wp\/v2\/pages"}],"about":[{"href":"https:\/\/www.eckstein-sommer.de\/index.php?rest_route=\/wp\/v2\/types\/page"}],"author":[{"embeddable":true,"href":"https:\/\/www.eckstein-sommer.de\/index.php?rest_route=\/wp\/v2\/users\/1"}],"replies":[{"embeddable":true,"href":"https:\/\/www.eckstein-sommer.de\/index.php?rest_route=%2Fwp%2Fv2%2Fcomments&post=4"}],"version-history":[{"count":16,"href":"https:\/\/www.eckstein-sommer.de\/index.php?rest_route=\/wp\/v2\/pages\/4\/revisions"}],"predecessor-version":[{"id":1097,"href":"https:\/\/www.eckstein-sommer.de\/index.php?rest_route=\/wp\/v2\/pages\/4\/revisions\/1097"}],"wp:attachment":[{"href":"https:\/\/www.eckstein-sommer.de\/index.php?rest_route=%2Fwp%2Fv2%2Fmedia&parent=4"}],"curies":[{"name":"wp","href":"https:\/\/api.w.org\/{rel}","templated":true}]}}