{"id":463,"date":"2014-06-12T16:35:48","date_gmt":"2014-06-12T14:35:48","guid":{"rendered":"http:\/\/www.eckstein-sommer.de\/?page_id=463"},"modified":"2018-09-24T13:28:38","modified_gmt":"2018-09-24T11:28:38","slug":"winterdienst","status":"publish","type":"page","link":"https:\/\/www.eckstein-sommer.de\/?page_id=463","title":{"rendered":"Winterdienst"},"content":{"rendered":"<p>W\u00e4hrend Schnee und K\u00e4lte im Winter f\u00fcr die Natur von Nutzen sind,\u00a0gef\u00e4hrden Reif-, Schnee- und Eisgl\u00e4tte jedoch die Verkehrssicherheit auf Wegen und Pl\u00e4tzen.<\/p>\n<p>Seit \u00fcber 20 Jahren f\u00fchren wir Winterdienstleistungen aus.\u00a0Wir r\u00e4umen und beseitigen den Schnee von \u00f6ffentlichen und privaten Verkehrsfl\u00e4chen und streuen bei Reif-, Schnee- und Eisgl\u00e4tte. Dabei beobachten wir eigenst\u00e4ndig das Wetter. Wir verfolgen die Wettervorhersagen und unser Personal ist schnell und zuverl\u00e4ssig zur Stelle, wenn pl\u00f6tzlich winterliche Verh\u00e4ltnisse auftreten.<\/p>\n<p>Die Firma Eckstein &amp; Sommer GmbH bietet einen kompletten Service f\u00fcr Ihre Sicherheit.<\/p>\n<p>Unser Betrieb ist f\u00fcr Winterdienstleistungen bestens ausger\u00fcstet. Zu unseren Kunden z\u00e4hlen \u00f6ffentliche Auftraggeber und Unternehmen aus der n\u00e4heren Umgebung.<\/p>\n","protected":false},"excerpt":{"rendered":"<p>W\u00e4hrend Schnee und K\u00e4lte im Winter f\u00fcr die Natur von Nutzen sind,\u00a0gef\u00e4hrden Reif-, Schnee- und Eisgl\u00e4tte jedoch die Verkehrssicherheit auf Wegen und Pl\u00e4tzen. Seit \u00fcber 20 Jahren f\u00fchren wir Winterdienstleistungen aus.\u00a0Wir r\u00e4umen und beseitigen den Schnee von \u00f6ffentlichen und privaten Verkehrsfl\u00e4chen und streuen bei Reif-, Schnee- und Eisgl\u00e4tte. Dabei beobachten wir eigenst\u00e4ndig das Wetter. Wir [&hellip;]<\/p>\n","protected":false},"author":1,"featured_media":0,"parent":159,"menu_order":4,"comment_status":"closed","ping_status":"open","template":"","meta":[],"_links":{"self":[{"href":"https:\/\/www.eckstein-sommer.de\/index.php?rest_route=\/wp\/v2\/pages\/463"}],"collection":[{"href":"https:\/\/www.eckstein-sommer.de\/index.php?rest_route=\/wp\/v2\/pages"}],"about":[{"href":"https:\/\/www.eckstein-sommer.de\/index.php?rest_route=\/wp\/v2\/types\/page"}],"author":[{"embeddable":true,"href":"https:\/\/www.eckstein-sommer.de\/index.php?rest_route=\/wp\/v2\/users\/1"}],"replies":[{"embeddable":true,"href":"https:\/\/www.eckstein-sommer.de\/index.php?rest_route=%2Fwp%2Fv2%2Fcomments&post=463"}],"version-history":[{"count":2,"href":"https:\/\/www.eckstein-sommer.de\/index.php?rest_route=\/wp\/v2\/pages\/463\/revisions"}],"predecessor-version":[{"id":979,"href":"https:\/\/www.eckstein-sommer.de\/index.php?rest_route=\/wp\/v2\/pages\/463\/revisions\/979"}],"up":[{"embeddable":true,"href":"https:\/\/www.eckstein-sommer.de\/index.php?rest_route=\/wp\/v2\/pages\/159"}],"wp:attachment":[{"href":"https:\/\/www.eckstein-sommer.de\/index.php?rest_route=%2Fwp%2Fv2%2Fmedia&parent=463"}],"curies":[{"name":"wp","href":"https:\/\/api.w.org\/{rel}","templated":true}]}}