{"id":52,"date":"2014-04-10T14:13:35","date_gmt":"2014-04-10T12:13:35","guid":{"rendered":"http:\/\/www.eckstein-sommer.de\/?page_id=52"},"modified":"2020-01-07T09:49:06","modified_gmt":"2020-01-07T07:49:06","slug":"unternehmen","status":"publish","type":"page","link":"https:\/\/www.eckstein-sommer.de\/?page_id=52","title":{"rendered":"Unternehmen"},"content":{"rendered":"<p><a href=\"http:\/\/www.eckstein-sommer.de\/wp-content\/uploads\/02_A_Unternehmen_1.jpg\"><img loading=\"lazy\" class=\"alignleft wp-image-318 size-medium\" src=\"http:\/\/www.eckstein-sommer.de\/wp-content\/uploads\/02_A_Unternehmen_1-300x199.jpg\" alt=\"02_A_Unternehmen_2\" width=\"300\" height=\"199\" srcset=\"https:\/\/www.eckstein-sommer.de\/wp-content\/uploads\/02_A_Unternehmen_1-300x199.jpg 300w, https:\/\/www.eckstein-sommer.de\/wp-content\/uploads\/02_A_Unternehmen_1-676x449.jpg 676w, https:\/\/www.eckstein-sommer.de\/wp-content\/uploads\/02_A_Unternehmen_1.jpg 960w\" sizes=\"(max-width: 300px) 100vw, 300px\" \/><\/a>Wir sind ein Unternehmen, das sowohl im Garten- und Landschaftsbau als auch in der Floristik t\u00e4tig ist.<\/p>\n<p>Ein Schwerpunkt unserer T\u00e4tigkeit liegt in der Gestaltung individueller Privatg\u00e4rten. Dabei realisieren wir Planung, Ausf\u00fchrung und Pflege \u2013 alles aus einer Hand.<br \/>\nDes Weiteren arbeiten wir f\u00fcr \u00f6ffentliche Auftraggeber, Unternehmen aus Industrie und Gewerbe, Wohnungsbaugesellschaften und Privatunternehmen.<\/p>\n<p>Unser breites Leistungsspektrum umfasst u.a.:<\/p>\n<ul>\n<li>Gartengestaltung<\/li>\n<li>Teichbau (vom Wasserspiel bis zum Schwimmteich)<\/li>\n<li>Erdarbeiten (Aushub und Gel\u00e4ndemodellierung)<\/li>\n<li>Pflasterarbeiten (Wege und Pl\u00e4tze)<\/li>\n<li>Bau von Treppen und St\u00fctzmauern<\/li>\n<li>Spielplatzbau<\/li>\n<\/ul>\n<ul>\n<li>Anlegen von Rasen- und Pflanzfl\u00e4chen<\/li>\n<li>Kunstrasenverlegung<\/li>\n<li>Bew\u00e4sserungsanlagen<\/li>\n<li>Pflegearbeiten<\/li>\n<li>Begr\u00fcnungsarbeiten in der freien Landschaft<\/li>\n<\/ul>\n<ul>\n<li>Geh\u00f6lzschnitt und Baumpflege<\/li>\n<li>Baumf\u00e4llung, auch unter schwierigen Bedingungen<\/li>\n<li>Forstmulcharbeiten<\/li>\n<\/ul>\n<ul>\n<li>Floristikwerkstatt<\/li>\n<li>Innenraumbegr\u00fcnung<\/li>\n<li>Grabgestaltung<\/li>\n<\/ul>\n<p>&nbsp;<\/p>\n","protected":false},"excerpt":{"rendered":"<p>Wir sind ein Unternehmen, das sowohl im Garten- und Landschaftsbau als auch in der Floristik t\u00e4tig ist. Ein Schwerpunkt unserer T\u00e4tigkeit liegt in der Gestaltung individueller Privatg\u00e4rten. Dabei realisieren wir Planung, Ausf\u00fchrung und Pflege \u2013 alles aus einer Hand. Des Weiteren arbeiten wir f\u00fcr \u00f6ffentliche Auftraggeber, Unternehmen aus Industrie und Gewerbe, Wohnungsbaugesellschaften und Privatunternehmen. Unser [&hellip;]<\/p>\n","protected":false},"author":1,"featured_media":0,"parent":35,"menu_order":1,"comment_status":"closed","ping_status":"open","template":"","meta":[],"_links":{"self":[{"href":"https:\/\/www.eckstein-sommer.de\/index.php?rest_route=\/wp\/v2\/pages\/52"}],"collection":[{"href":"https:\/\/www.eckstein-sommer.de\/index.php?rest_route=\/wp\/v2\/pages"}],"about":[{"href":"https:\/\/www.eckstein-sommer.de\/index.php?rest_route=\/wp\/v2\/types\/page"}],"author":[{"embeddable":true,"href":"https:\/\/www.eckstein-sommer.de\/index.php?rest_route=\/wp\/v2\/users\/1"}],"replies":[{"embeddable":true,"href":"https:\/\/www.eckstein-sommer.de\/index.php?rest_route=%2Fwp%2Fv2%2Fcomments&post=52"}],"version-history":[{"count":10,"href":"https:\/\/www.eckstein-sommer.de\/index.php?rest_route=\/wp\/v2\/pages\/52\/revisions"}],"predecessor-version":[{"id":1041,"href":"https:\/\/www.eckstein-sommer.de\/index.php?rest_route=\/wp\/v2\/pages\/52\/revisions\/1041"}],"up":[{"embeddable":true,"href":"https:\/\/www.eckstein-sommer.de\/index.php?rest_route=\/wp\/v2\/pages\/35"}],"wp:attachment":[{"href":"https:\/\/www.eckstein-sommer.de\/index.php?rest_route=%2Fwp%2Fv2%2Fmedia&parent=52"}],"curies":[{"name":"wp","href":"https:\/\/api.w.org\/{rel}","templated":true}]}}