{"id":65,"date":"2014-04-10T15:04:51","date_gmt":"2014-04-10T13:04:51","guid":{"rendered":"http:\/\/www.eckstein-sommer.de\/?page_id=65"},"modified":"2022-08-29T11:57:01","modified_gmt":"2022-08-29T09:57:01","slug":"team","status":"publish","type":"page","link":"https:\/\/www.eckstein-sommer.de\/?page_id=65","title":{"rendered":"Team"},"content":{"rendered":"\n<div class=\"wp-container-3 wp-block-columns\">\n<div class=\"wp-container-1 wp-block-column\">\n<p>Nadine Hampel und Holger Brandt<br><em>Gesch\u00e4ftsf\u00fchrer<\/em><\/p>\n<\/div>\n\n\n\n<div class=\"wp-container-2 wp-block-column\"><div class=\"wp-block-image\">\n<figure class=\"alignright is-resized\"><img loading=\"lazy\" src=\"http:\/\/www.eckstein-sommer.de\/wp-content\/uploads\/Geschaeftsfuehrung-ES-2020-1.jpg\" alt=\"\" class=\"wp-image-1073\" width=\"199\" height=\"278\" srcset=\"https:\/\/www.eckstein-sommer.de\/wp-content\/uploads\/Geschaeftsfuehrung-ES-2020-1.jpg 429w, https:\/\/www.eckstein-sommer.de\/wp-content\/uploads\/Geschaeftsfuehrung-ES-2020-1-215x300.jpg 215w\" sizes=\"(max-width: 199px) 100vw, 199px\" \/><\/figure><\/div><\/div>\n<\/div>\n\n\n\n<div class=\"wp-container-8 wp-block-columns\">\n<div class=\"wp-container-6 wp-block-column\" style=\"flex-basis:50%\">\n<div class=\"wp-container-5 wp-block-columns\">\n<div class=\"wp-container-4 wp-block-column\">\n<p>Horst Eckstein<br><em>ehem. Gesch\u00e4ftsf\u00fchrer<\/em><\/p>\n<\/div>\n<\/div>\n<\/div>\n\n\n\n<div class=\"wp-container-7 wp-block-column\" style=\"flex-basis:50%\"><div class=\"wp-block-image\">\n<figure class=\"alignright\"><img loading=\"lazy\" width=\"200\" height=\"300\" src=\"http:\/\/www.eckstein-sommer.de\/wp-content\/uploads\/02_B_Unternehmen_1-200x300.jpg\" alt=\"02_B_Unternehmen_1\" class=\"wp-image-321\" srcset=\"https:\/\/www.eckstein-sommer.de\/wp-content\/uploads\/02_B_Unternehmen_1-200x300.jpg 200w, https:\/\/www.eckstein-sommer.de\/wp-content\/uploads\/02_B_Unternehmen_1.jpg 450w\" sizes=\"(max-width: 200px) 100vw, 200px\" \/><\/figure><\/div><\/div>\n<\/div>\n\n\n\n<div class=\"wp-container-15 wp-block-columns are-vertically-aligned-top\">\n<div class=\"wp-container-14 wp-block-column is-vertically-aligned-top\" style=\"flex-basis:100%\">\n<div class=\"wp-container-13 wp-block-columns\">\n<div class=\"wp-container-12 wp-block-column\" style=\"flex-basis:100%\">\n<p>Zu unseren engagierten Mitarbeitern geh\u00f6ren:<\/p>\n\n\n\n<div class=\"wp-container-11 wp-block-columns\">\n<div class=\"wp-container-9 wp-block-column\">\n<ul><li>1 Dipl. Ing. (FH) Landespflege<\/li><li>1 Dipl. Ing. (FH) Landschaftsarchitektur<\/li><li>2 G\u00e4rtnermeister<\/li><li>3 Landschaftsg\u00e4rtner &#8211; Vorarbeiter<\/li><li>5 Landschaftsg\u00e4rtner<\/li><li>3 Tiefbauer\/ Steinsetzer<\/li><li>1 Fachagrarwirt f\u00fcr Baumpflege- und Baumsanierung<\/li><li>2 Forstwirte<\/li><li>4 Maschinenf\u00fchrer<\/li><li>2 Mechaniker<\/li><li>2 Gartenarbeiter<\/li><li>3 Auszubildende<\/li><\/ul>\n<\/div>\n\n\n\n<div class=\"wp-container-10 wp-block-column\"><div class=\"wp-block-image\">\n<figure class=\"alignright size-full is-resized\"><img loading=\"lazy\" src=\"http:\/\/www.eckstein-sommer.de\/wp-content\/uploads\/02_B_Unternehmen_2.jpg\" alt=\"\" class=\"wp-image-322\" width=\"315\" height=\"210\" srcset=\"https:\/\/www.eckstein-sommer.de\/wp-content\/uploads\/02_B_Unternehmen_2.jpg 960w, https:\/\/www.eckstein-sommer.de\/wp-content\/uploads\/02_B_Unternehmen_2-300x199.jpg 300w, https:\/\/www.eckstein-sommer.de\/wp-content\/uploads\/02_B_Unternehmen_2-676x449.jpg 676w\" sizes=\"(max-width: 315px) 100vw, 315px\" \/><\/figure><\/div><\/div>\n<\/div>\n<\/div>\n<\/div>\n<\/div>\n<\/div>\n\n\n\n<div class=\"wp-container-20 wp-block-columns\">\n<div class=\"wp-container-19 wp-block-column\" style=\"flex-basis:100%\">\n<p>Unsere Floristin Tanja Brandt steht Ihnen in unserer Floristikwerkstatt in Kleinalsleben gern zur Verf\u00fcgung.<\/p>\n\n\n\n<div class=\"wp-container-18 wp-block-columns\">\n<div class=\"wp-container-16 wp-block-column\">\n<p>Wir sind ein langj\u00e4hrig anerkannter Ausbildungsbetrieb, der gern interessierte und leistungsbereite Jugendliche im Bereich des Landschaftsbaus ausbildet. Wir freuen uns auf Ihre Bewerbung!<\/p>\n<\/div>\n\n\n\n<div class=\"wp-container-17 wp-block-column\"><div class=\"wp-block-image\">\n<figure class=\"alignright\"><img loading=\"lazy\" width=\"102\" height=\"300\" src=\"http:\/\/www.eckstein-sommer.de\/wp-content\/uploads\/Teambild-Tanja-Floristik-ab-Nov.-2019-e1572344319579-102x300.jpg\" alt=\"\" class=\"wp-image-1009\" srcset=\"https:\/\/www.eckstein-sommer.de\/wp-content\/uploads\/Teambild-Tanja-Floristik-ab-Nov.-2019-e1572344319579-102x300.jpg 102w, https:\/\/www.eckstein-sommer.de\/wp-content\/uploads\/Teambild-Tanja-Floristik-ab-Nov.-2019-e1572344319579.jpg 240w\" sizes=\"(max-width: 102px) 100vw, 102px\" \/><\/figure><\/div><\/div>\n<\/div>\n<\/div>\n<\/div>\n","protected":false},"excerpt":{"rendered":"<p>Nadine Hampel und Holger BrandtGesch\u00e4ftsf\u00fchrer Horst Ecksteinehem. Gesch\u00e4ftsf\u00fchrer Zu unseren engagierten Mitarbeitern geh\u00f6ren: 1 Dipl. Ing. (FH) Landespflege 1 Dipl. Ing. (FH) Landschaftsarchitektur 2 G\u00e4rtnermeister 3 Landschaftsg\u00e4rtner &#8211; Vorarbeiter 5 Landschaftsg\u00e4rtner 3 Tiefbauer\/ Steinsetzer 1 Fachagrarwirt f\u00fcr Baumpflege- und Baumsanierung 2 Forstwirte 4 Maschinenf\u00fchrer 2 Mechaniker 2 Gartenarbeiter 3 Auszubildende Unsere Floristin Tanja Brandt steht [&hellip;]<\/p>\n","protected":false},"author":1,"featured_media":0,"parent":35,"menu_order":2,"comment_status":"closed","ping_status":"open","template":"","meta":[],"_links":{"self":[{"href":"https:\/\/www.eckstein-sommer.de\/index.php?rest_route=\/wp\/v2\/pages\/65"}],"collection":[{"href":"https:\/\/www.eckstein-sommer.de\/index.php?rest_route=\/wp\/v2\/pages"}],"about":[{"href":"https:\/\/www.eckstein-sommer.de\/index.php?rest_route=\/wp\/v2\/types\/page"}],"author":[{"embeddable":true,"href":"https:\/\/www.eckstein-sommer.de\/index.php?rest_route=\/wp\/v2\/users\/1"}],"replies":[{"embeddable":true,"href":"https:\/\/www.eckstein-sommer.de\/index.php?rest_route=%2Fwp%2Fv2%2Fcomments&post=65"}],"version-history":[{"count":34,"href":"https:\/\/www.eckstein-sommer.de\/index.php?rest_route=\/wp\/v2\/pages\/65\/revisions"}],"predecessor-version":[{"id":1091,"href":"https:\/\/www.eckstein-sommer.de\/index.php?rest_route=\/wp\/v2\/pages\/65\/revisions\/1091"}],"up":[{"embeddable":true,"href":"https:\/\/www.eckstein-sommer.de\/index.php?rest_route=\/wp\/v2\/pages\/35"}],"wp:attachment":[{"href":"https:\/\/www.eckstein-sommer.de\/index.php?rest_route=%2Fwp%2Fv2%2Fmedia&parent=65"}],"curies":[{"name":"wp","href":"https:\/\/api.w.org\/{rel}","templated":true}]}}