{"id":68,"date":"2014-04-10T15:07:44","date_gmt":"2014-04-10T13:07:44","guid":{"rendered":"http:\/\/www.eckstein-sommer.de\/?page_id=68"},"modified":"2024-01-24T16:00:50","modified_gmt":"2024-01-24T14:00:50","slug":"maschinenpark","status":"publish","type":"page","link":"https:\/\/www.eckstein-sommer.de\/?page_id=68","title":{"rendered":"Maschinenpark"},"content":{"rendered":"<p><a href=\"http:\/\/www.eckstein-sommer.de\/wp-content\/uploads\/02_C_Unternehmen_1.jpg\"><img loading=\"lazy\" class=\"aligncenter wp-image-339 size-full\" src=\"http:\/\/www.eckstein-sommer.de\/wp-content\/uploads\/02_C_Unternehmen_1.jpg\" alt=\"02_C_Unternehmen_1.jpg\" width=\"960\" height=\"384\" srcset=\"https:\/\/www.eckstein-sommer.de\/wp-content\/uploads\/02_C_Unternehmen_1.jpg 960w, https:\/\/www.eckstein-sommer.de\/wp-content\/uploads\/02_C_Unternehmen_1-300x120.jpg 300w, https:\/\/www.eckstein-sommer.de\/wp-content\/uploads\/02_C_Unternehmen_1-676x270.jpg 676w\" sizes=\"(max-width: 960px) 100vw, 960px\" \/><\/a><\/p>\n<p>Um die Leistungen auszuf\u00fchren, wird eine moderne technische Ausstattung eingesetzt.<\/p>\n<p>Zu dieser geh\u00f6ren:<\/p>\n<ul>\n<li>1 Unimog 1600 mit Anbauger\u00e4ten (Ladeschaufel, Umkehrfr\u00e4se, Heckbagger, Holzschredder, Winterdiensttechnik)<\/li>\n<li>2 Unimog 1400 mit Anbauger\u00e4ten siehe oben<\/li>\n<li>1 Unimog U300<\/li>\n<li>1 Multicar M30 Fumo<\/li>\n<li>30 m Hubarbeitsb\u00fchne &#8222;Leo&#8220;, Bj. 2012<\/li>\n<li>35 m Hubarbeitsb\u00fchne &#8222;Leo&#8220;, Bj. 2022<\/li>\n<li>30 m Hubarbeitsb\u00fchne Ruthmann, Bj. 2016<\/li>\n<li>1 Traktor Fendt 720 Vario mit Forstmulcher Schmidt Typ 2200<\/li>\n<li>Spezialwassertankwagen 10m\u00b3<\/li>\n<li>1 MAN-LKW mit Kastenaufbau 10to<\/li>\n<li>1 MAN-LKW mit Spezialaufbau 10to<\/li>\n<li>12 LKW 2,8to bis 7,5to<\/li>\n<li>1 SCANIA-LKW 26to mit Ladekran<\/li>\n<li>1 LKW 18to Kipper und Aufbau Winterdiensttechnik<\/li>\n<li>1 Mercedes Benz LKW Pritsche mit Ladekran<\/li>\n<li>1 Lieferwagen Mercedes Benz Sprinter<\/li>\n<li>3 Radlader Liebherr 507<\/li>\n<li>1 Radlader Liebherr 514<\/li>\n<li>1 Minibagger CAT 301.4<\/li>\n<li>1 YANMAR-Kompaktbagger VI045<\/li>\n<li>1 LIEBHERR-Hydraulik-Mobilbagger A912<\/li>\n<li>3 Schredder &#8211; Anh\u00e4nger<\/li>\n<li>1 Kettenschredder<\/li>\n<li>1 mobile Siebanlage Doppstadt SM518 (auch zur Anmietung)<\/li>\n<li>1 Anh\u00e4ngerkomposter Doppstadt AK170<\/li>\n<li>1 HAKO-Traktor Typ 3500DA mit Anbauger\u00e4ten (Fr\u00e4se, Amazone Rasenbaumaschine, Front \u2013 M\u00e4hwerk, Kehrbesen, M\u00e4hcontainer, Winterdiensttechnik)<\/li>\n<li>3 Gro\u00dffl\u00e4chenm\u00e4her (John Deere F1145)<\/li>\n<li>Kleinger\u00e4te: R\u00fctteleggen, Rasenbaumaschine, Fr\u00e4se 6 PS, Motorhacke, R\u00fcttelplatten, Baumstubbenfr\u00e4se, Motors\u00e4gen, Seilwinde, Freischneider, Handm\u00e4her, Motorschubkarren<\/li>\n<li>Winterdiensttechnik<\/li>\n<\/ul>\n","protected":false},"excerpt":{"rendered":"<p>Um die Leistungen auszuf\u00fchren, wird eine moderne technische Ausstattung eingesetzt. Zu dieser geh\u00f6ren: 1 Unimog 1600 mit Anbauger\u00e4ten (Ladeschaufel, Umkehrfr\u00e4se, Heckbagger, Holzschredder, Winterdiensttechnik) 2 Unimog 1400 mit Anbauger\u00e4ten siehe oben 1 Unimog U300 1 Multicar M30 Fumo 30 m Hubarbeitsb\u00fchne &#8222;Leo&#8220;, Bj. 2012 35 m Hubarbeitsb\u00fchne &#8222;Leo&#8220;, Bj. 2022 30 m Hubarbeitsb\u00fchne Ruthmann, Bj. 2016 [&hellip;]<\/p>\n","protected":false},"author":1,"featured_media":0,"parent":35,"menu_order":3,"comment_status":"closed","ping_status":"open","template":"","meta":[],"_links":{"self":[{"href":"https:\/\/www.eckstein-sommer.de\/index.php?rest_route=\/wp\/v2\/pages\/68"}],"collection":[{"href":"https:\/\/www.eckstein-sommer.de\/index.php?rest_route=\/wp\/v2\/pages"}],"about":[{"href":"https:\/\/www.eckstein-sommer.de\/index.php?rest_route=\/wp\/v2\/types\/page"}],"author":[{"embeddable":true,"href":"https:\/\/www.eckstein-sommer.de\/index.php?rest_route=\/wp\/v2\/users\/1"}],"replies":[{"embeddable":true,"href":"https:\/\/www.eckstein-sommer.de\/index.php?rest_route=%2Fwp%2Fv2%2Fcomments&post=68"}],"version-history":[{"count":12,"href":"https:\/\/www.eckstein-sommer.de\/index.php?rest_route=\/wp\/v2\/pages\/68\/revisions"}],"predecessor-version":[{"id":1107,"href":"https:\/\/www.eckstein-sommer.de\/index.php?rest_route=\/wp\/v2\/pages\/68\/revisions\/1107"}],"up":[{"embeddable":true,"href":"https:\/\/www.eckstein-sommer.de\/index.php?rest_route=\/wp\/v2\/pages\/35"}],"wp:attachment":[{"href":"https:\/\/www.eckstein-sommer.de\/index.php?rest_route=%2Fwp%2Fv2%2Fmedia&parent=68"}],"curies":[{"name":"wp","href":"https:\/\/api.w.org\/{rel}","templated":true}]}}