{"id":718,"date":"2016-07-14T12:22:56","date_gmt":"2016-07-14T10:22:56","guid":{"rendered":"http:\/\/www.eckstein-sommer.de\/?page_id=718"},"modified":"2017-02-28T12:22:46","modified_gmt":"2017-02-28T10:22:46","slug":"seilklettertechnik","status":"publish","type":"page","link":"https:\/\/www.eckstein-sommer.de\/?page_id=718","title":{"rendered":"Seilklettertechnik"},"content":{"rendered":"<h2 class=\"post-title\"><!-- \/post-header -->Ab jetzt neu!<\/h2>\n<div class=\"post-content\">\n<h3>Baumarbeiten mittels Seilklettertechnik<\/h3>\n<p>Ab sofort k\u00f6nnen wir Ihnen Baumarbeiten mittels Seilklettertechnik f\u00fcr schwer zug\u00e4ngliche Standorte anbieten.<\/p>\n<p>Die Seilklettertechnik erm\u00f6glicht uns Baumarbeiten auszuf\u00fchren ohne Hubarbeitsb\u00fchnen oder anderes schweres Ger\u00e4t einzusetzen. So k\u00f6nnen wir auch an unzug\u00e4nglichen Orten (Friedh\u00f6fe, Innen- und Hinterh\u00f6fe, Parks oder G\u00e4rten) B\u00e4ume pflegen und f\u00e4llen. Es werden Bodenverdichtungen, Wurzelverletzungen und Verletzungen gesunder \u00c4ste, die beim Einsatz von Hubarbeitsb\u00fchnen entstehen k\u00f6nnen, vollst\u00e4ndig vermieden.<\/p>\n<p>Vereinbaren Sie schon jetzt einen Termin unter Tel. (03 94 08) 9 30 00 f\u00fcr ein unverbindliches Angebot und sichern sich Ihren Ausf\u00fchrungstermin f\u00fcr die kommende Baumpflegesaison!<\/p>\n<style id=\"bwg-style-0\">  #bwg_container1_0 {    display: table;\t\/*visibility: hidden;*\/  }  #bwg_container1_0 * {\t  -moz-user-select: none;\t  -khtml-user-select: none;\t  -webkit-user-select: none;\t  -ms-user-select: none;\t  user-select: none;  }  #bwg_container1_0 #bwg_container2_0 .bwg_slideshow_image_wrap_0 {\t  background-color: #F2F2F2;\t  width: 800px;\t  height: 500px;  }  #bwg_container1_0 #bwg_container2_0 .bwg_slideshow_image_0 {\t  max-width: 800px;\t  max-height: 430px;  }  #bwg_container1_0 #bwg_container2_0 .bwg_slideshow_embed_0 {    width: 800px;    height: 430px;  }  #bwg_container1_0 #bwg_container2_0 #bwg_slideshow_play_pause_0 {\t  background: transparent url(\"https:\/\/www.eckstein-sommer.de\/wp-content\/plugins\/photo-gallery\/images\/blank.gif\") repeat scroll 0 0;  }  #bwg_container1_0 #bwg_container2_0 #bwg_slideshow_play_pause-ico_0 {    color: #D6D6D6;    font-size: 35px;  }  #bwg_container1_0 #bwg_container2_0 #bwg_slideshow_play_pause-ico_0:hover {\t  color: #BABABA;  }  #bwg_container1_0 #bwg_container2_0 #spider_slideshow_left_0,  #bwg_container1_0 #bwg_container2_0 #spider_slideshow_right_0 {\t  background: transparent url(\"https:\/\/www.eckstein-sommer.de\/wp-content\/plugins\/photo-gallery\/images\/blank.gif\") repeat scroll 0 0;  }  #bwg_container1_0 #bwg_container2_0 #spider_slideshow_left-ico_0,  #bwg_container1_0 #bwg_container2_0 #spider_slideshow_right-ico_0 {\t  background-color: #FFFFFF;\t  border-radius: 20px;\t  border: 0px none #FFFFFF;\t  box-shadow: ;\t  color: #D6D6D6;\t  height: 37px;\t  font-size: 12px;\t  width: 37px;\t  opacity: 1.00;  }  #bwg_container1_0 #bwg_container2_0 #spider_slideshow_left-ico_0:hover,  #bwg_container1_0 #bwg_container2_0 #spider_slideshow_right-ico_0:hover {\t  color: #BABABA;  }      #spider_slideshow_left-ico_0{      left: -9999px;    }    #spider_slideshow_right-ico_0{      left: -9999px;    }      #bwg_container1_0 #bwg_container2_0 .bwg_slideshow_image_container_0 {\t  bottom: 70px;\t  width: 800px;\t  height: 500px;\t}\t#bwg_container1_0 #bwg_container2_0 .bwg_slideshow_filmstrip_container_0 {\t  display: table;\t  height: 70px;\t  width: 800px;\t  bottom: 0;  }  \/* Filmstrip dimension *\/  #bwg_container1_0 #bwg_container2_0 .bwg_slideshow_filmstrip_0 {\t  left: 20px;\t  width: 760px;\t  \/*z-index: 10106;*\/  }  #bwg_container1_0 #bwg_container2_0 .bwg_slideshow_filmstrip_thumbnails_0 {    left: 0px;    width: 568px;    height: 70px;  }  #bwg_container1_0 #bwg_container2_0 .bwg_slideshow_filmstrip_thumbnail_0 {    width: 140px;    height: 70px;    margin: 0px 2px 0 0 ;    border: 0px none #000000;    border-radius: 0;  }  #bwg_container1_0 #bwg_container2_0 .bwg_slideshow_thumb_active_0 {\t  border: 0px solid #FFFFFF;  }  #bwg_container1_0 #bwg_container2_0 .bwg_slideshow_thumb_deactive_0 {    opacity: 1.00;  }  #bwg_container1_0 #bwg_container2_0 .bwg_slideshow_filmstrip_left_0,  #bwg_container1_0 #bwg_container2_0 .bwg_slideshow_filmstrip_left_disabled_0 {\t  background-color: #F2F2F2;\t  display: table-cell;\t  width: 20px;\t  left: 0;\t  \t    }  #bwg_container1_0 #bwg_container2_0 .bwg_slideshow_filmstrip_right_0,  #bwg_container1_0 #bwg_container2_0 .bwg_slideshow_filmstrip_right_disabled_0 {\t  background-color: #F2F2F2;    display: table-cell;    right: 0;\t  width: 20px;\t  \t    }  #bwg_container1_0 #bwg_container2_0 .bwg_slideshow_filmstrip_left_0 i,  #bwg_container1_0 #bwg_container2_0 .bwg_slideshow_filmstrip_right_0 i,  #bwg_container1_0 #bwg_container2_0 .bwg_slideshow_filmstrip_left_disabled_0 i,  #bwg_container1_0 #bwg_container2_0 .bwg_slideshow_filmstrip_right_disabled_0 i {\t  color: #BABABA;\t  font-size: 20px;  }  #bwg_container1_0 #bwg_container2_0 .bwg_slideshow_filmstrip_left_0 {    display: none;  }  #bwg_container1_0 #bwg_container2_0 .bwg_slideshow_filmstrip_left_disabled_0,  #bwg_container1_0 #bwg_container2_0 .bwg_slideshow_filmstrip_right_disabled_0 {    display: none;    opacity: 0.3;  }  #bwg_container1_0 #bwg_container2_0 .bwg_slideshow_filmstrip_left_disabled_0 {    display: table-cell;  }  #bwg_container1_0 #bwg_container2_0 .bwg_slideshow_watermark_spun_0 {\t  text-align: right;\t  vertical-align: bottom;  }  #bwg_container1_0 #bwg_container2_0 .bwg_slideshow_title_spun_0 {\t  text-align: right;\t  vertical-align: top;  }  #bwg_container1_0 #bwg_container2_0 .bwg_slideshow_description_spun_0 {\t  text-align: right;\t  vertical-align: bottom;  }  #bwg_container1_0 #bwg_container2_0 .bwg_slideshow_watermark_image_0 {\t  max-height: 90px;\t  max-width: 90px;\t  opacity: 0.30;  }  #bwg_container1_0 #bwg_container2_0 .bwg_slideshow_watermark_text_0,  #bwg_container1_0 #bwg_container2_0 .bwg_slideshow_watermark_text_0:hover {\t  text-decoration: none;\t  margin: 4px;\t  position: relative;\t  z-index: 15;  }  #bwg_container1_0 #bwg_container2_0 .bwg_slideshow_title_text_0 {\t  font-size: 16px;\t  font-family: Ubuntu;\t  color: #FFFFFF !important;\t  opacity: 0.70;    border-radius: 5px;\t  background-color: #000000;\t  padding: 0 0 0 0;\t  \t\twidth: 100%;\t  \t    }  #bwg_container1_0 #bwg_container2_0 .bwg_slideshow_description_text_0 {\t  font-size: 14px;\t  font-family: Ubuntu;\t  color: #FFFFFF !important;\t  opacity: 0.70;    border-radius: 0;\t  background-color: #000000;\t  padding: 5px 10px 5px 10px;\t    }  #bwg_container1_0 #bwg_container2_0 .bwg_slideshow_description_text_0 * {\ttext-decoration: none;\tcolor: #FFFFFF !important;  }  #bwg_container1_0 #bwg_container2_0 .bwg_slideshow_dots_0 {\t  width: 12px;\t  height: 12px;\t  border-radius: 5px;\t  background: #F2D22E;\t  margin: 3px;  }  #bwg_container1_0 #bwg_container2_0 .bwg_slideshow_dots_container_0 {\t  width: 800px;\t  bottom: 0;  }  #bwg_container1_0 #bwg_container2_0 .bwg_slideshow_dots_thumbnails_0 {\t  height: 18px;\t  width: 72px;  }  #bwg_container1_0 #bwg_container2_0 .bwg_slideshow_dots_active_0 {\t  background: #FFFFFF;\t  border: 1px solid #000000;  }  <\/style>    <div id=\"bwg_container1_0\"         class=\"bwg_container bwg_thumbnail bwg_slideshow \"         data-right-click-protection=\"0\"         data-bwg=\"0\"         data-scroll=\"0\"         data-gallery-type=\"slideshow\"         data-gallery-view-type=\"slideshow\"         data-current-url=\"https:\/\/www.eckstein-sommer.de\/index.php?rest_route=%2Fwp%2Fv2%2Fpages%2F718\"         data-lightbox-url=\"https:\/\/www.eckstein-sommer.de\/wp-admin\/admin-ajax.php?action=GalleryBox&#038;current_view=0&#038;gallery_id=48&#038;tag=0&#038;theme_id=1&#038;shortcode_id=17&#038;sort_by=alt&#038;order_by=asc&#038;current_url=https%3A%2F%2Fwww.eckstein-sommer.de%2Findex.php%3Frest_route%3D%252Fwp%252Fv2%252Fpages%252F718\"         data-gallery-id=\"48\"         data-popup-width=\"800\"         data-popup-height=\"500\"         data-is-album=\"gallery\"         data-buttons-position=\"bottom\">      <div id=\"bwg_container2_0\">             <div id=\"ajax_loading_0\" class=\"bwg_loading_div_1\">      <div class=\"bwg_loading_div_2\">        <div class=\"bwg_loading_div_3\">          <div id=\"loading_div_0\" class=\"bwg_spider_ajax_loading\">          <\/div>        <\/div>      <\/div>    <\/div>            <form id=\"gal_front_form_0\"              class=\"bwg-hidden\"              method=\"post\"              action=\"#\"              data-current=\"0\"              data-shortcode-id=\"17\"              data-gallery-type=\"slideshow\"              data-gallery-id=\"48\"              data-tag=\"0\"              data-album-id=\"0\"              data-theme-id=\"1\"              data-ajax-url=\"https:\/\/www.eckstein-sommer.de\/wp-admin\/admin-ajax.php?action=bwg_frontend_data\">          <div id=\"bwg_container3_0\" class=\"bwg-background bwg-background-0\">              <div class=\"bwg_slideshow_image_wrap_0 bwg-slideshow-images-wrapper bwg-container\"       data-bwg=\"0\"       data-lightbox-url=\"https:\/\/www.eckstein-sommer.de\/wp-admin\/admin-ajax.php?action=GalleryBox&#038;current_view=0&#038;gallery_id=48&#038;tag=0&#038;theme_id=1&#038;shortcode_id=17&#038;sort_by=alt&#038;order_by=asc&#038;current_url=https%3A%2F%2Fwww.eckstein-sommer.de%2Findex.php%3Frest_route%3D%252Fwp%252Fv2%252Fpages%252F718\">          <div class=\"bwg_slideshow_filmstrip_container_0\">        <div class=\"bwg_slideshow_filmstrip_left_0\">          <i class=\"bwg-icon-angle-left\"><\/i>        <\/div>        <div class=\"bwg_slideshow_filmstrip_left_disabled_0\">          <i class=\"bwg-icon-angle-left\"><\/i>        <\/div>        <div class=\"bwg_slideshow_filmstrip_0 bwg_slideshow_filmstrip\">          <div class=\"bwg_slideshow_filmstrip_thumbnails_0\">                          <div id=\"bwg_filmstrip_thumbnail_0_0\"                class=\"bwg_slideshow_filmstrip_thumbnail_0 bwg_slideshow_thumb_active_0\"                data-style=\"width:140px; height:70px;\"              >                <img class=\"bwg_filmstrip_thumbnail_img bwg_slideshow_filmstrip_thumbnail_img_0\"                  style=\"width:140px; height:93.333333333333px; margin-left: 0px; margin-top: -11.666666666667px;\"                  data-style=\"width:140px; height:93.333333333333px; margin-left: 0px; margin-top: -11.666666666667px;\"                  src=\"https:\/\/www.eckstein-sommer.de\/wp-content\/uploads\/photo-gallery\/thumb\/SKT%20(07.09%20018.JPG\"                  data-src=\"https:\/\/www.eckstein-sommer.de\/wp-content\/uploads\/photo-gallery\/thumb\/SKT%20(07.09%20018.JPG\"                  onclick=\"bwg_change_image(parseInt(jQuery('#bwg_current_image_key_0').val()), '0', '', '', '0')\"                  image_id=\"509\"                  image_key=\"0\"                  alt=\"SKT (07.09 018   \"                  title=\"SKT (07.09 018   \" \/>              <\/div>                            <div id=\"bwg_filmstrip_thumbnail_1_0\"                class=\"bwg_slideshow_filmstrip_thumbnail_0 bwg_slideshow_thumb_deactive_0\"                data-style=\"width:140px; height:70px;\"              >                <img class=\"bwg_filmstrip_thumbnail_img bwg_slideshow_filmstrip_thumbnail_img_0\"                  style=\"width:140px; height:93.333333333333px; margin-left: 0px; margin-top: -11.666666666667px;\"                  data-style=\"width:140px; height:93.333333333333px; margin-left: 0px; margin-top: -11.666666666667px;\"                  src=\"https:\/\/www.eckstein-sommer.de\/wp-content\/uploads\/photo-gallery\/thumb\/SKT%20(07.09%20029.JPG\"                  data-src=\"https:\/\/www.eckstein-sommer.de\/wp-content\/uploads\/photo-gallery\/thumb\/SKT%20(07.09%20029.JPG\"                  onclick=\"bwg_change_image(parseInt(jQuery('#bwg_current_image_key_0').val()), '1', '', '', '0')\"                  image_id=\"510\"                  image_key=\"1\"                  alt=\"SKT (07.09 029   \"                  title=\"SKT (07.09 029   \" \/>              <\/div>                            <div id=\"bwg_filmstrip_thumbnail_2_0\"                class=\"bwg_slideshow_filmstrip_thumbnail_0 bwg_slideshow_thumb_deactive_0\"                data-style=\"width:140px; height:70px;\"              >                <img class=\"bwg_filmstrip_thumbnail_img bwg_slideshow_filmstrip_thumbnail_img_0\"                  style=\"width:140px; height:210px; margin-left: 0px; margin-top: -70px;\"                  data-style=\"width:140px; height:210px; margin-left: 0px; margin-top: -70px;\"                  src=\"https:\/\/www.eckstein-sommer.de\/wp-content\/uploads\/photo-gallery\/thumb\/SKT%20(07.09%20029a%20002.JPG\"                  data-src=\"https:\/\/www.eckstein-sommer.de\/wp-content\/uploads\/photo-gallery\/thumb\/SKT%20(07.09%20029a%20002.JPG\"                  onclick=\"bwg_change_image(parseInt(jQuery('#bwg_current_image_key_0').val()), '2', '', '', '0')\"                  image_id=\"511\"                  image_key=\"2\"                  alt=\"SKT (07.09 029a 002   \"                  title=\"SKT (07.09 029a 002   \" \/>              <\/div>                            <div id=\"bwg_filmstrip_thumbnail_3_0\"                class=\"bwg_slideshow_filmstrip_thumbnail_0 bwg_slideshow_thumb_deactive_0\"                data-style=\"width:140px; height:70px;\"              >                <img class=\"bwg_filmstrip_thumbnail_img bwg_slideshow_filmstrip_thumbnail_img_0\"                  style=\"width:140px; height:210px; margin-left: 0px; margin-top: -70px;\"                  data-style=\"width:140px; height:210px; margin-left: 0px; margin-top: -70px;\"                  src=\"https:\/\/www.eckstein-sommer.de\/wp-content\/uploads\/photo-gallery\/thumb\/SKT%20(07.09%20029b%20028.JPG\"                  data-src=\"https:\/\/www.eckstein-sommer.de\/wp-content\/uploads\/photo-gallery\/thumb\/SKT%20(07.09%20029b%20028.JPG\"                  onclick=\"bwg_change_image(parseInt(jQuery('#bwg_current_image_key_0').val()), '3', '', '', '0')\"                  image_id=\"512\"                  image_key=\"3\"                  alt=\"SKT (07.09 029b 028   \"                  title=\"SKT (07.09 029b 028   \" \/>              <\/div>                        <\/div>        <\/div>        <div class=\"bwg_slideshow_filmstrip_right_0\">          <i class=\"bwg-icon-angle-right\"><\/i>        <\/div>        <div class=\"bwg_slideshow_filmstrip_right_disabled_0\">          <i class=\"bwg-icon-angle-right\"><\/i>        <\/div>      <\/div>          <div id=\"bwg_slideshow_image_container_0\"         class=\"bwg_slideshow_image_container_0\"         data-params='{&quot;bwg_source&quot;:&quot;slider&quot;,&quot;bwg_current_key&quot;:&quot;&quot;,&quot;bwg_transition_duration&quot;:750,&quot;bwg_trans_in_progress&quot;:false,&quot;data&quot;:[{&quot;id&quot;:&quot;509&quot;,&quot;alt&quot;:&quot;SKT (07.09 018   &quot;,&quot;description&quot;:&quot;Aperture: 6.3&amp;lt;br \\\/&amp;gt;Camera: Canon EOS 1100D&amp;lt;br \\\/&amp;gt;Iso: 100&amp;lt;br \\\/&amp;gt;Orientation: 1&amp;lt;br \\\/&amp;gt;&quot;,&quot;filetype&quot;:&quot;JPG&quot;,&quot;filename&quot;:&quot;SKT (07.09 018&quot;,&quot;image_url&quot;:&quot;\\\/SKT (07.09 018.JPG&quot;,&quot;thumb_url&quot;:&quot;\\\/thumb\\\/SKT (07.09 018.JPG&quot;,&quot;redirect_url&quot;:&quot;&quot;,&quot;date&quot;:&quot;15 September 2016, 09:25&quot;,&quot;is_embed&quot;:false,&quot;is_embed_video&quot;:false,&quot;image_width&quot;:&quot;1024&quot;,&quot;image_height&quot;:&quot;683&quot;},{&quot;id&quot;:&quot;510&quot;,&quot;alt&quot;:&quot;SKT (07.09 029   &quot;,&quot;description&quot;:&quot;Aperture: 7.1&amp;lt;br \\\/&amp;gt;Camera: Canon EOS 1100D&amp;lt;br \\\/&amp;gt;Iso: 100&amp;lt;br \\\/&amp;gt;Orientation: 1&amp;lt;br \\\/&amp;gt;&quot;,&quot;filetype&quot;:&quot;JPG&quot;,&quot;filename&quot;:&quot;SKT (07.09 029&quot;,&quot;image_url&quot;:&quot;\\\/SKT (07.09 029.JPG&quot;,&quot;thumb_url&quot;:&quot;\\\/thumb\\\/SKT (07.09 029.JPG&quot;,&quot;redirect_url&quot;:&quot;&quot;,&quot;date&quot;:&quot;15 September 2016, 09:25&quot;,&quot;is_embed&quot;:false,&quot;is_embed_video&quot;:false,&quot;image_width&quot;:&quot;1024&quot;,&quot;image_height&quot;:&quot;683&quot;},{&quot;id&quot;:&quot;511&quot;,&quot;alt&quot;:&quot;SKT (07.09 029a 002   &quot;,&quot;description&quot;:&quot;Aperture: 5&amp;lt;br \\\/&amp;gt;Camera: Canon EOS 1100D&amp;lt;br \\\/&amp;gt;Iso: 100&amp;lt;br \\\/&amp;gt;Orientation: 1&amp;lt;br \\\/&amp;gt;&quot;,&quot;filetype&quot;:&quot;JPG&quot;,&quot;filename&quot;:&quot;SKT (07.09 029a 002&quot;,&quot;image_url&quot;:&quot;\\\/SKT (07.09 029a 002.JPG&quot;,&quot;thumb_url&quot;:&quot;\\\/thumb\\\/SKT (07.09 029a 002.JPG&quot;,&quot;redirect_url&quot;:&quot;&quot;,&quot;date&quot;:&quot;15 September 2016, 09:25&quot;,&quot;is_embed&quot;:false,&quot;is_embed_video&quot;:false,&quot;image_width&quot;:&quot;683&quot;,&quot;image_height&quot;:&quot;1024&quot;},{&quot;id&quot;:&quot;512&quot;,&quot;alt&quot;:&quot;SKT (07.09 029b 028   &quot;,&quot;description&quot;:&quot;Aperture: 5.6&amp;lt;br \\\/&amp;gt;Camera: Canon EOS 1100D&amp;lt;br \\\/&amp;gt;Iso: 100&amp;lt;br \\\/&amp;gt;Orientation: 1&amp;lt;br \\\/&amp;gt;&quot;,&quot;filetype&quot;:&quot;JPG&quot;,&quot;filename&quot;:&quot;SKT (07.09 029b 028&quot;,&quot;image_url&quot;:&quot;\\\/SKT (07.09 029b 028.JPG&quot;,&quot;thumb_url&quot;:&quot;\\\/thumb\\\/SKT (07.09 029b 028.JPG&quot;,&quot;redirect_url&quot;:&quot;&quot;,&quot;date&quot;:&quot;15 September 2016, 09:25&quot;,&quot;is_embed&quot;:false,&quot;is_embed_video&quot;:false,&quot;image_width&quot;:&quot;683&quot;,&quot;image_height&quot;:&quot;1024&quot;}],&quot;width_or_height&quot;:&quot;width&quot;,&quot;filmstrip_thumb_margin_hor&quot;:2,&quot;left_or_top&quot;:&quot;left&quot;,&quot;outerWidth_or_outerHeight&quot;:&quot;outerWidth&quot;,&quot;enable_slideshow_shuffle&quot;:&quot;0&quot;,&quot;lightbox_filmstrip_thumb_border_width&quot;:1,&quot;thumb_click_action&quot;:&quot;open_lightbox&quot;,&quot;thumb_link_target&quot;:&quot;1&quot;,&quot;upload_url&quot;:&quot;https:\\\/\\\/www.eckstein-sommer.de\\\/wp-content\\\/uploads\\\/photo-gallery&quot;,&quot;preload_images&quot;:&quot;1&quot;,&quot;slideshow_effect&quot;:&quot;fade&quot;,&quot;event_stack&quot;:&quot;&quot;,&quot;preload_images_count&quot;:10,&quot;image_width&quot;:&quot;800&quot;,&quot;image_height&quot;:&quot;500&quot;,&quot;thumb_width&quot;:&quot;180&quot;,&quot;thumb_height&quot;:&quot;90&quot;,&quot;filmstrip_direction&quot;:&quot;horizontal&quot;,&quot;slideshow_filmstrip_type&quot;:1,&quot;slideshow_thumbnails_count&quot;:5,&quot;slideshow_filmstrip_width&quot;:140,&quot;slideshow_filmstrip_height&quot;:&quot;70&quot;,&quot;slideshow_filmstrip_rl_btn_size&quot;:20,&quot;slideshow_play_pause_btn_size&quot;:35,&quot;watermark_type&quot;:90,&quot;watermark_height&quot;:90,&quot;watermark_font_size&quot;:12,&quot;slideshow_title_font_size&quot;:16,&quot;slideshow_description_font_size&quot;:14,&quot;bwg_playInterval&quot;:&quot;&quot;,&quot;slideshow_interval&quot;:3,&quot;image_right_click&quot;:&quot;0&quot;,&quot;enable_slideshow_autoplay&quot;:&quot;0&quot;,&quot;enable_slideshow_music&quot;:&quot;0&quot;,&quot;bwg_current_filmstrip_pos&quot;:0}'         data-filmstrip-position=\"bottom\"         data-filmstrip-size=\"70\">      <div class=\"bwg_slide_container_0\">        <div class=\"bwg_slide_bg_0\">          <div class=\"bwg_slider_0\">                            <span class=\"bwg_slideshow_image_spun_0\" id=\"image_id_0_509\">                    <span class=\"bwg_slideshow_image_spun1_0\">                      <span class=\"bwg_slideshow_image_spun2_0\">                                                  <a  class=\"bwg-a bwg_lightbox\" href=\"https:\/\/www.eckstein-sommer.de\/wp-content\/uploads\/photo-gallery\/SKT%20(07.09%20018.JPG\" data-image-id=\"509\" data-elementor-open-lightbox=\"no\">                          <img id=\"bwg_slideshow_image_0\"                               class=\"skip-lazy bwg_slide bwg_slideshow_image_0 \"                               src=\"https:\/\/www.eckstein-sommer.de\/wp-content\/uploads\/photo-gallery\/SKT%20(07.09%20018.JPG\"                               data-src=\"https:\/\/www.eckstein-sommer.de\/wp-content\/uploads\/photo-gallery\/SKT%20(07.09%20018.JPG\"                               image_id=\"509\"                               alt=\"SKT (07.09 018   \" \/>                          <\/a>                                                <\/span>                    <\/span>                  <\/span>                <span class=\"bwg_slideshow_image_second_spun_0\">                  <\/span>                <input type=\"hidden\" id=\"bwg_current_image_key_0\" value=\"0\" \/>                          <\/div>        <\/div>      <\/div>              <a class=\"bwg-a\" id=\"spider_slideshow_left_0\" onclick=\"bwg_change_image(parseInt(jQuery('#bwg_current_image_key_0').val()), (parseInt(jQuery('#bwg_current_image_key_0').val()) + 4 - bwg_iterator(0)) % 4, '', '', 0); return false;\"><span id=\"spider_slideshow_left-ico_0\"><span><i class=\"bwg-icon-angle-left bwg_slideshow_prev_btn_0\"><\/i><\/span><\/span><\/a>        <span id=\"bwg_slideshow_play_pause_0\" class=\"bwg_slideshow_play_pause\" style=\"display: ;\"><span><span id=\"bwg_slideshow_play_pause-ico_0\"><i class=\"bwg-icon-play bwg_ctrl_btn_0 bwg_slideshow_play_pause_0\"><\/i><\/span><\/span><\/span>        <a class=\"bwg-a\" id=\"spider_slideshow_right_0\" onclick=\"bwg_change_image(parseInt(jQuery('#bwg_current_image_key_0').val()), (parseInt(jQuery('#bwg_current_image_key_0').val()) + bwg_iterator(0)) % 4, '', '', 0); return false;\"><span id=\"spider_slideshow_right-ico_0\"><span><i class=\"bwg-icon-angle-right bwg_slideshow_next_btn_0\"><\/i><\/span><\/span><\/a>            <\/div>      <\/div>            <\/div>        <\/form>        <style>          #bwg_container1_0 #bwg_container2_0 #spider_popup_overlay_0 {          background-color: #EEEEEE;          opacity: 0.60;          }          <\/style>        <div id=\"bwg_spider_popup_loading_0\" class=\"bwg_spider_popup_loading\"><\/div>        <div id=\"spider_popup_overlay_0\" class=\"spider_popup_overlay\" onclick=\"spider_destroypopup(1000)\"><\/div>        <input type=\"hidden\" id=\"bwg_random_seed_0\" value=\"1207023679\">                <\/div>    <\/div>    <script>      if (document.readyState === 'complete') {        if( typeof bwg_main_ready == 'function' ) {          if ( jQuery(\"#bwg_container1_0\").height() ) {            bwg_main_ready(jQuery(\"#bwg_container1_0\"));          }        }      } else {        document.addEventListener('DOMContentLoaded', function() {          if( typeof bwg_main_ready == 'function' ) {            if ( jQuery(\"#bwg_container1_0\").height() ) {             bwg_main_ready(jQuery(\"#bwg_container1_0\"));            }          }        });      }    <\/script>    \n<p><a href=\"http:\/\/www.eckstein-sommer.de\/wp-content\/uploads\/Gr\u00f6\u00dfen\u00e4nderung-SKT-Lehrgang-09.06.2016-01.jpg\">\u00a0<\/a><\/p>\n<\/div>\n","protected":false},"excerpt":{"rendered":"<p>Ab jetzt neu! Baumarbeiten mittels Seilklettertechnik Ab sofort k\u00f6nnen wir Ihnen Baumarbeiten mittels Seilklettertechnik f\u00fcr schwer zug\u00e4ngliche Standorte anbieten. Die Seilklettertechnik erm\u00f6glicht uns Baumarbeiten auszuf\u00fchren ohne Hubarbeitsb\u00fchnen oder anderes schweres Ger\u00e4t einzusetzen. So k\u00f6nnen wir auch an unzug\u00e4nglichen Orten (Friedh\u00f6fe, Innen- und Hinterh\u00f6fe, Parks oder G\u00e4rten) B\u00e4ume pflegen und f\u00e4llen. Es werden Bodenverdichtungen, Wurzelverletzungen und [&hellip;]<\/p>\n","protected":false},"author":5,"featured_media":0,"parent":159,"menu_order":2,"comment_status":"closed","ping_status":"closed","template":"","meta":[],"_links":{"self":[{"href":"https:\/\/www.eckstein-sommer.de\/index.php?rest_route=\/wp\/v2\/pages\/718"}],"collection":[{"href":"https:\/\/www.eckstein-sommer.de\/index.php?rest_route=\/wp\/v2\/pages"}],"about":[{"href":"https:\/\/www.eckstein-sommer.de\/index.php?rest_route=\/wp\/v2\/types\/page"}],"author":[{"embeddable":true,"href":"https:\/\/www.eckstein-sommer.de\/index.php?rest_route=\/wp\/v2\/users\/5"}],"replies":[{"embeddable":true,"href":"https:\/\/www.eckstein-sommer.de\/index.php?rest_route=%2Fwp%2Fv2%2Fcomments&post=718"}],"version-history":[{"count":5,"href":"https:\/\/www.eckstein-sommer.de\/index.php?rest_route=\/wp\/v2\/pages\/718\/revisions"}],"predecessor-version":[{"id":787,"href":"https:\/\/www.eckstein-sommer.de\/index.php?rest_route=\/wp\/v2\/pages\/718\/revisions\/787"}],"up":[{"embeddable":true,"href":"https:\/\/www.eckstein-sommer.de\/index.php?rest_route=\/wp\/v2\/pages\/159"}],"wp:attachment":[{"href":"https:\/\/www.eckstein-sommer.de\/index.php?rest_route=%2Fwp%2Fv2%2Fmedia&parent=718"}],"curies":[{"name":"wp","href":"https:\/\/api.w.org\/{rel}","templated":true}]}}