{"id":926,"date":"2018-05-16T10:12:32","date_gmt":"2018-05-16T08:12:32","guid":{"rendered":"http:\/\/www.eckstein-sommer.de\/?page_id=926"},"modified":"2018-05-16T11:09:38","modified_gmt":"2018-05-16T09:09:38","slug":"jobs","status":"publish","type":"page","link":"https:\/\/www.eckstein-sommer.de\/?page_id=926","title":{"rendered":"JOBS"},"content":{"rendered":"<p>Stellenbeschreibung<\/p>\n<p>Zur Verst\u00e4rkung unseres Teams suchen wir <strong>ab sofort<\/strong>:<\/p>\n<p>&nbsp;<\/p>\n<p>Landschaftsg\u00e4rtner \/ Tiefbauer \/ Forstwirte (w\/m)<\/p>\n<p>&nbsp;<\/p>\n<p>Aufgabenschwerpunkte:<\/p>\n<ul>\n<li>Vorbereiten, Einrichten und Abwickeln von Baustellen<\/li>\n<li>Ausf\u00fchren von Erdarbeiten<\/li>\n<li>Pflanzarbeiten<\/li>\n<li>Herstellen von befestigten Fl\u00e4chen<\/li>\n<li>Herstellen von Bauwerken in Au\u00dfenanlagen, z.B. Mauern, Treppen, Z\u00e4une<\/li>\n<li>Montage von Spielger\u00e4ten und Gestaltung von Spielpl\u00e4tzen<\/li>\n<li>Pflege von Gr\u00fcnanlagen und Au\u00dfenfl\u00e4chen<\/li>\n<li>Baumpflege- und F\u00e4llarbeiten, auch mittels Seilklettertechnik<\/li>\n<\/ul>\n<p>&nbsp;<\/p>\n<p>Wir bieten:<\/p>\n<ul>\n<li>Leistungsgerechte Bezahlung<\/li>\n<li>Unbefristeter Arbeitsplatz in einem guten Betriebsklima<\/li>\n<li>Ganzj\u00e4hrige Besch\u00e4ftigung<\/li>\n<li>Gute Entwicklungsm\u00f6glichkeiten<\/li>\n<li>Es erwartet Sie ein abwechslungsreiches T\u00e4tigkeitsfeld<\/li>\n<li>Modernen Ger\u00e4te- und Fuhrpark<\/li>\n<\/ul>\n<p>Voraussetzungen<\/p>\n<p>Pers\u00f6nlichkeitsprofil:<\/p>\n<ul>\n<li>Abgeschlossene Berufsausbildung zum G\u00e4rtner \/ Landschaftsg\u00e4rtner \/ Forstwirt<\/li>\n<li>Hohes Ma\u00df an Einsatzbereitschaft, Belastbarkeit und Flexibilit\u00e4t<\/li>\n<li>Eigenverantwortliches Arbeiten<\/li>\n<li>Mehrj\u00e4hrige Berufserfahrung w\u00fcnschenswert<\/li>\n<li>Teamf\u00e4higkeit<\/li>\n<li>F\u00fchrerschein mindestens Klasse B<\/li>\n<\/ul>\n<p>&nbsp;<\/p>\n<p>Wir freuen uns auf Ihre aussagef\u00e4higen Bewerbungsunterlagen, die Sie auch gerne per E-Mail senden k\u00f6nnen.<\/p>\n","protected":false},"excerpt":{"rendered":"<p>Stellenbeschreibung Zur Verst\u00e4rkung unseres Teams suchen wir ab sofort: &nbsp; Landschaftsg\u00e4rtner \/ Tiefbauer \/ Forstwirte (w\/m) &nbsp; Aufgabenschwerpunkte: Vorbereiten, Einrichten und Abwickeln von Baustellen Ausf\u00fchren von Erdarbeiten Pflanzarbeiten Herstellen von befestigten Fl\u00e4chen Herstellen von Bauwerken in Au\u00dfenanlagen, z.B. Mauern, Treppen, Z\u00e4une Montage von Spielger\u00e4ten und Gestaltung von Spielpl\u00e4tzen Pflege von Gr\u00fcnanlagen und Au\u00dfenfl\u00e4chen Baumpflege- und [&hellip;]<\/p>\n","protected":false},"author":5,"featured_media":0,"parent":941,"menu_order":0,"comment_status":"closed","ping_status":"closed","template":"","meta":[],"_links":{"self":[{"href":"https:\/\/www.eckstein-sommer.de\/index.php?rest_route=\/wp\/v2\/pages\/926"}],"collection":[{"href":"https:\/\/www.eckstein-sommer.de\/index.php?rest_route=\/wp\/v2\/pages"}],"about":[{"href":"https:\/\/www.eckstein-sommer.de\/index.php?rest_route=\/wp\/v2\/types\/page"}],"author":[{"embeddable":true,"href":"https:\/\/www.eckstein-sommer.de\/index.php?rest_route=\/wp\/v2\/users\/5"}],"replies":[{"embeddable":true,"href":"https:\/\/www.eckstein-sommer.de\/index.php?rest_route=%2Fwp%2Fv2%2Fcomments&post=926"}],"version-history":[{"count":2,"href":"https:\/\/www.eckstein-sommer.de\/index.php?rest_route=\/wp\/v2\/pages\/926\/revisions"}],"predecessor-version":[{"id":958,"href":"https:\/\/www.eckstein-sommer.de\/index.php?rest_route=\/wp\/v2\/pages\/926\/revisions\/958"}],"up":[{"embeddable":true,"href":"https:\/\/www.eckstein-sommer.de\/index.php?rest_route=\/wp\/v2\/pages\/941"}],"wp:attachment":[{"href":"https:\/\/www.eckstein-sommer.de\/index.php?rest_route=%2Fwp%2Fv2%2Fmedia&parent=926"}],"curies":[{"name":"wp","href":"https:\/\/api.w.org\/{rel}","templated":true}]}}