{"id":931,"date":"2018-05-16T10:15:34","date_gmt":"2018-05-16T08:15:34","guid":{"rendered":"http:\/\/www.eckstein-sommer.de\/?page_id=931"},"modified":"2018-05-16T11:53:10","modified_gmt":"2018-05-16T09:53:10","slug":"ausbildung","status":"publish","type":"page","link":"https:\/\/www.eckstein-sommer.de\/?page_id=931","title":{"rendered":"Ausbildung"},"content":{"rendered":"<p><strong>Landschaftsg\u00e4rtner.<\/strong><\/p>\n<p><strong>Gro\u00df. Stolz. Gr\u00fcn. Stark. Kreativ.<\/strong><\/p>\n<p>Du arbeitest gerne drau\u00dfen, mit Pflanzen, willst mit Maschinen und Ger\u00e4ten die Natur gestalten?<\/p>\n<p>Du m\u00f6chtest im Team arbeiten und einen Beruf erlernen, der dir viel Raum zur Weiterentwicklung l\u00e4sst?<\/p>\n<p>Vielleicht sogar ein Studium an die Berufsausbildung anschlie\u00dfen?<\/p>\n<p>Der Beruf des Landschaftsg\u00e4rtners bietet dir all diese M\u00f6glichkeiten.<\/p>\n<p>&nbsp;<\/p>\n<p><strong>Natur erleben<\/strong><\/p>\n<p>Landschaftsg\u00e4rtner verwenden und pflegen Pflanzen, sie pflastern Wege und Pl\u00e4tze, sie gestalten, sanieren und pflegen G\u00e4rten und Parkanlagen, sie begr\u00fcnen St\u00e4dte und praktizieren Umweltschutz. Landschaftsg\u00e4rtner haben einen der vielseitigsten Berufe. Hier erh\u00e4ltst du einen kurzen \u00dcberblick \u00fcber diesen Beruf.<\/p>\n<p>&nbsp;<\/p>\n<p><strong>Was machen Landschaftsg\u00e4rtner?<\/strong><\/p>\n<ul>\n<li>Au\u00dfenanlagen gestalten \u2013 an \u00f6ffentlichen und privaten Geb\u00e4uden<\/li>\n<li>Parks anlegen, Innenst\u00e4dte begr\u00fcnen<\/li>\n<li>Sportpl\u00e4tze und Golfanlagen bauen und pflegen<\/li>\n<li>Freizeitanlagen und Spielpl\u00e4tze bauen und pflegen<\/li>\n<li>Hausg\u00e4rten, Terrassen, Garagenzufahrten, Dachbegr\u00fcnungen und Teichanlagen gestalten und pflegen<\/li>\n<li>Arbeiten im Rahmen des Naturschutzes und der Landschaftspflege durchf\u00fchren<\/li>\n<li>Mit Steinen, Wasser und Holz arbeiten<\/li>\n<li>Drau\u00dfen arbeiten \u2013 mit der Natur umgehen<\/li>\n<\/ul>\n<p>Dies sind nur einige Beispiele f\u00fcr die vielf\u00e4ltige Arbeit von Landschaftsg\u00e4rtnern. Es gibt auch viele M\u00f6glichkeiten der Weiterbildung und Spezialisierung, die du w\u00e4hrend deiner Berufslaufbahn ergreifen kannst.<\/p>\n<p>&nbsp;<\/p>\n<p><strong>Alle Infos<\/strong><\/p>\n<p>Du m\u00f6chtest mehr Infos zur Landschaftsg\u00e4rtner-Ausbildung?<\/p>\n<p>Besuch im Internet: <a href=\"http:\/\/www.landschaftsgaertner.com\">www.landschaftsgaertner.com<\/a><\/p>\n<p>&nbsp;<\/p>\n<p>&nbsp;<\/p>\n<p><strong>INTERESSE? Jetzt bewerben!<\/strong><\/p>\n<p>Sende deine Online-Bewerbung an <a href=\"mailto:info@eckstein-sommer.de\">info@eckstein-sommer.de<\/a> oder postalisch an:<\/p>\n<p>Eckstein &amp; Sommer GmbH<\/p>\n<p>OT Kleinalsleben<\/p>\n<p>Zum Anger 10<\/p>\n<p>39387 Oschersleben (Bode)<\/p>\n<p>&nbsp;<\/p>\n<p><img loading=\"lazy\" class=\" wp-image-955\" src=\"http:\/\/www.eckstein-sommer.de\/wp-content\/uploads\/Anzeige_Praxis_A4_RGB_mitSignumkleiner-212x300.jpg\" alt=\"\" width=\"282\" height=\"399\" srcset=\"https:\/\/www.eckstein-sommer.de\/wp-content\/uploads\/Anzeige_Praxis_A4_RGB_mitSignumkleiner-212x300.jpg 212w, https:\/\/www.eckstein-sommer.de\/wp-content\/uploads\/Anzeige_Praxis_A4_RGB_mitSignumkleiner.jpg 724w, https:\/\/www.eckstein-sommer.de\/wp-content\/uploads\/Anzeige_Praxis_A4_RGB_mitSignumkleiner-676x956.jpg 676w\" sizes=\"(max-width: 282px) 100vw, 282px\" \/><\/p>\n","protected":false},"excerpt":{"rendered":"<p>Landschaftsg\u00e4rtner. Gro\u00df. Stolz. Gr\u00fcn. Stark. Kreativ. Du arbeitest gerne drau\u00dfen, mit Pflanzen, willst mit Maschinen und Ger\u00e4ten die Natur gestalten? Du m\u00f6chtest im Team arbeiten und einen Beruf erlernen, der dir viel Raum zur Weiterentwicklung l\u00e4sst? Vielleicht sogar ein Studium an die Berufsausbildung anschlie\u00dfen? Der Beruf des Landschaftsg\u00e4rtners bietet dir all diese M\u00f6glichkeiten. &nbsp; Natur [&hellip;]<\/p>\n","protected":false},"author":5,"featured_media":0,"parent":941,"menu_order":0,"comment_status":"closed","ping_status":"closed","template":"","meta":[],"_links":{"self":[{"href":"https:\/\/www.eckstein-sommer.de\/index.php?rest_route=\/wp\/v2\/pages\/931"}],"collection":[{"href":"https:\/\/www.eckstein-sommer.de\/index.php?rest_route=\/wp\/v2\/pages"}],"about":[{"href":"https:\/\/www.eckstein-sommer.de\/index.php?rest_route=\/wp\/v2\/types\/page"}],"author":[{"embeddable":true,"href":"https:\/\/www.eckstein-sommer.de\/index.php?rest_route=\/wp\/v2\/users\/5"}],"replies":[{"embeddable":true,"href":"https:\/\/www.eckstein-sommer.de\/index.php?rest_route=%2Fwp%2Fv2%2Fcomments&post=931"}],"version-history":[{"count":5,"href":"https:\/\/www.eckstein-sommer.de\/index.php?rest_route=\/wp\/v2\/pages\/931\/revisions"}],"predecessor-version":[{"id":1070,"href":"https:\/\/www.eckstein-sommer.de\/index.php?rest_route=\/wp\/v2\/pages\/931\/revisions\/1070"}],"up":[{"embeddable":true,"href":"https:\/\/www.eckstein-sommer.de\/index.php?rest_route=\/wp\/v2\/pages\/941"}],"wp:attachment":[{"href":"https:\/\/www.eckstein-sommer.de\/index.php?rest_route=%2Fwp%2Fv2%2Fmedia&parent=931"}],"curies":[{"name":"wp","href":"https:\/\/api.w.org\/{rel}","templated":true}]}}