{"id":933,"date":"2018-05-16T10:15:34","date_gmt":"2018-05-16T08:15:34","guid":{"rendered":"http:\/\/www.eckstein-sommer.de\/?page_id=933"},"modified":"2018-05-16T11:50:21","modified_gmt":"2018-05-16T09:50:21","slug":"praktikum","status":"publish","type":"page","link":"https:\/\/www.eckstein-sommer.de\/?page_id=933","title":{"rendered":"Praktikum"},"content":{"rendered":"<p>Praktikantinnen und Praktikanten im Rahmen eines Sch\u00fclerpraktikums oder des Girls\u00b4&amp; Boys\u00b4- Day sind bei uns herzlich willkommen!<\/p>\n<p>Wir freuen uns \u00fcber das Interesse an unserer Arbeit und m\u00f6chten jungen Menschen gerne einen ausf\u00fchrlichen Einblick in unsere t\u00e4gliche Arbeit erm\u00f6glichen.<\/p>\n<p>Haben Sie Interesse an einem Praktikum in unserem Unternehmen, rufen Sie uns bitte unter<\/p>\n<p>Tel. (03 94 08) 9 30 00 zur Terminabstimmung an.<\/p>\n","protected":false},"excerpt":{"rendered":"<p>Praktikantinnen und Praktikanten im Rahmen eines Sch\u00fclerpraktikums oder des Girls\u00b4&amp; Boys\u00b4- Day sind bei uns herzlich willkommen! Wir freuen uns \u00fcber das Interesse an unserer Arbeit und m\u00f6chten jungen Menschen gerne einen ausf\u00fchrlichen Einblick in unsere t\u00e4gliche Arbeit erm\u00f6glichen. Haben Sie Interesse an einem Praktikum in unserem Unternehmen, rufen Sie uns bitte unter Tel. (03 [&hellip;]<\/p>\n","protected":false},"author":5,"featured_media":0,"parent":941,"menu_order":3,"comment_status":"closed","ping_status":"closed","template":"","meta":[],"_links":{"self":[{"href":"https:\/\/www.eckstein-sommer.de\/index.php?rest_route=\/wp\/v2\/pages\/933"}],"collection":[{"href":"https:\/\/www.eckstein-sommer.de\/index.php?rest_route=\/wp\/v2\/pages"}],"about":[{"href":"https:\/\/www.eckstein-sommer.de\/index.php?rest_route=\/wp\/v2\/types\/page"}],"author":[{"embeddable":true,"href":"https:\/\/www.eckstein-sommer.de\/index.php?rest_route=\/wp\/v2\/users\/5"}],"replies":[{"embeddable":true,"href":"https:\/\/www.eckstein-sommer.de\/index.php?rest_route=%2Fwp%2Fv2%2Fcomments&post=933"}],"version-history":[{"count":6,"href":"https:\/\/www.eckstein-sommer.de\/index.php?rest_route=\/wp\/v2\/pages\/933\/revisions"}],"predecessor-version":[{"id":970,"href":"https:\/\/www.eckstein-sommer.de\/index.php?rest_route=\/wp\/v2\/pages\/933\/revisions\/970"}],"up":[{"embeddable":true,"href":"https:\/\/www.eckstein-sommer.de\/index.php?rest_route=\/wp\/v2\/pages\/941"}],"wp:attachment":[{"href":"https:\/\/www.eckstein-sommer.de\/index.php?rest_route=%2Fwp%2Fv2%2Fmedia&parent=933"}],"curies":[{"name":"wp","href":"https:\/\/api.w.org\/{rel}","templated":true}]}}